{"id":3889,"date":"2020-08-05T21:45:37","date_gmt":"2020-08-05T21:45:37","guid":{"rendered":"https:\/\/stopconstructionfalls.com\/?page_id=3889"},"modified":"2020-08-26T17:29:02","modified_gmt":"2020-08-26T17:29:02","slug":"paso-3-capacitar-alertas-de-riesgo","status":"publish","type":"page","link":"https:\/\/metamediatraining.com\/SafetySmartV2\/planificar-proporcionar-capacitar\/paro-3-capacitar\/paso-3-capacitar-alertas-de-riesgo\/","title":{"rendered":"Paso 3: Capacitar &#8211; Alertas de riesgo"},"content":{"rendered":"<p style=\"text-align: center;\"><strong><img decoding=\"async\" loading=\"lazy\" class=\"alignnone wp-image-3551 alignleft\" src=\"https:\/\/metamediatraining.com\/SafetySmartV2\/wp-content\/uploads\/2020\/01\/Picture2.png\" alt=\"\" width=\"87\" height=\"62\" \/><\/strong><img decoding=\"async\" loading=\"lazy\" class=\" wp-image-4249 alignleft\" src=\"https:\/\/metamediatraining.com\/SafetySmartV2\/wp-content\/uploads\/2020\/08\/Preventing-Falls-Logo-Spanish-1024x191.jpg\" alt=\"\" width=\"410\" height=\"76\" srcset=\"https:\/\/metamediatraining.com\/SafetySmartV2\/wp-content\/uploads\/2020\/08\/Preventing-Falls-Logo-Spanish-1024x191.jpg 1024w, https:\/\/metamediatraining.com\/SafetySmartV2\/wp-content\/uploads\/2020\/08\/Preventing-Falls-Logo-Spanish-300x56.jpg 300w, https:\/\/metamediatraining.com\/SafetySmartV2\/wp-content\/uploads\/2020\/08\/Preventing-Falls-Logo-Spanish-768x143.jpg 768w, https:\/\/metamediatraining.com\/SafetySmartV2\/wp-content\/uploads\/2020\/08\/Preventing-Falls-Logo-Spanish-220x41.jpg 220w, https:\/\/metamediatraining.com\/SafetySmartV2\/wp-content\/uploads\/2020\/08\/Preventing-Falls-Logo-Spanish-187x35.jpg 187w, https:\/\/metamediatraining.com\/SafetySmartV2\/wp-content\/uploads\/2020\/08\/Preventing-Falls-Logo-Spanish-453x85.jpg 453w\" sizes=\"(max-width: 410px) 100vw, 410px\" \/><\/p>\n<p style=\"text-align: center;\">\r\n\t\t\t<div class='et-tabs-container et_sliderfx_slide et_sliderauto_false et_sliderauto_speed_5000 et_slidertype_top_tabs'>\r\n\t\t\t\t<ul class='et-tabs-control'>\r\n\t\t\t<li><a href='#'>\r\n\t\t\t\r\n\t\t<\/a><\/li>\r\n\t\t<\/ul> <!-- .et-tabs-control --> \r\n\t\t<div class='et-tabs-content'>\r\n\t\t\t<div class='et-tabs-content-main-wrap'>\r\n\t\t\t\t<div class='et-tabs-content-wrapper'>\r\n\t\t\t\t\t<div class='et_slidecontent'>\r\n\t\t\t<span style=\"color: #000000;\"><strong><a style=\"color: #000000;\" href=\"https:\/\/metamediatraining.com\/SafetySmartV2\/planificar-proporcionar-capacitar\/\"><b>P\u00e1gina de inicio<\/b><\/a>\u00a0 \u00a0 \u00a0\u00a0<a style=\"color: #000000;\" href=\"https:\/\/metamediatraining.com\/SafetySmartV2\/planificar-proporcionar-capacitar\/paso-1-planificar\/\">Planificar<\/a>\u00a0 \u00a0 \u00a0<a style=\"color: #000000;\" href=\"https:\/\/metamediatraining.com\/SafetySmartV2\/planificar-proporcionar-capacitar\/paso-2-proporcionar\/\">Proporcionar<\/a>\u00a0 \u00a0 \u00a0<a style=\"color: #000000;\" href=\"https:\/\/metamediatraining.com\/SafetySmartV2\/planificar-proporcionar-capacitar\/paro-3-capacitar\/\">Capacitar<\/a><\/strong><\/span>\u00a0 \u00a0 \u00a0<a style=\"color: #000000;\" href=\"https:\/\/metamediatraining.com\/SafetySmartV2\/plan-provide-train\/\"><strong>English<\/strong><\/a>\u00a0 \u00a0\r\n\t\t<\/div>\r\n\t\t\t\t<\/div>\r\n\t\t\t<\/div>\r\n\t\t<\/div>\r\n\t\t\t<\/div> <!-- .et-tabs-container --><\/p>\n<h1><strong><span style=\"color: #000000;\">Paso 3: Capacitar &#8211; Alertas de riesgo<\/span><\/strong><\/h1>\n<p>&nbsp;<\/p>\n<h3><span style=\"font-weight: 400; color: #000000;\"><b>Tarjetas de alerta de riesgo<\/b>\u00a0son para entregarlas a sus empleados y usarlas como recordatorio de lo que deber\u00edan tener en cuenta y las pr\u00e1cticas seguras para evitar ca\u00eddas.\u00a0Haga clic en <b>las\u00a0im\u00e1genes<\/b>\u00a0y\u00a0<b>los enlaces<\/b>\u00a0a continuaci\u00f3n para descargarlas en ingl\u00e9s o espa\u00f1ol, o env\u00ede un correo electr\u00f3nico a<\/span>\u00a0<strong><span style=\"color: #3366ff;\"><a style=\"color: #3366ff;\" href=\"mailto:cpwr-r2p@cpwr.com\">cpwr-r2p@cpwr.com<\/a><\/span><\/strong> <span style=\"font-weight: 400; color: #000000;\">para ordenar\u00a0tarjetas\u00a0<b>gratis.<\/b><\/span><\/h3>\n<p>&nbsp;<\/p>\n<p><a href=\"https:\/\/www.cpwr.com\/wp-content\/uploads\/2013\/10\/Aerial-Lift-Hazard-Alert-SP.pdf\"><img decoding=\"async\" loading=\"lazy\" class=\"alignnone wp-image-4168\" src=\"https:\/\/metamediatraining.com\/SafetySmartV2\/wp-content\/uploads\/2020\/08\/Aerial-Lift-Hazard-Alert-SP-1-1024x271.jpg\" alt=\"\" width=\"242\" height=\"64\" srcset=\"https:\/\/metamediatraining.com\/SafetySmartV2\/wp-content\/uploads\/2020\/08\/Aerial-Lift-Hazard-Alert-SP-1-1024x271.jpg 1024w, https:\/\/metamediatraining.com\/SafetySmartV2\/wp-content\/uploads\/2020\/08\/Aerial-Lift-Hazard-Alert-SP-1-300x79.jpg 300w, https:\/\/metamediatraining.com\/SafetySmartV2\/wp-content\/uploads\/2020\/08\/Aerial-Lift-Hazard-Alert-SP-1-768x203.jpg 768w, https:\/\/metamediatraining.com\/SafetySmartV2\/wp-content\/uploads\/2020\/08\/Aerial-Lift-Hazard-Alert-SP-1-220x58.jpg 220w, https:\/\/metamediatraining.com\/SafetySmartV2\/wp-content\/uploads\/2020\/08\/Aerial-Lift-Hazard-Alert-SP-1-187x50.jpg 187w, https:\/\/metamediatraining.com\/SafetySmartV2\/wp-content\/uploads\/2020\/08\/Aerial-Lift-Hazard-Alert-SP-1-453x120.jpg 453w\" sizes=\"(max-width: 242px) 100vw, 242px\" \/><\/a>\u00a0 \u00a0 \u00a0 \u00a0 \u00a0 \u00a0 \u00a0<a href=\"https:\/\/www.cpwr.com\/wp-content\/uploads\/publications\/publications_spanish_Confined-Spaces-Spanish-Hazard-Alert.pdf\"><img decoding=\"async\" loading=\"lazy\" class=\"alignnone wp-image-4071\" src=\"https:\/\/metamediatraining.com\/SafetySmartV2\/wp-content\/uploads\/2020\/08\/publications_spanish_Confined-Spaces-Spanish-Hazard-Alert-1024x276.jpg\" alt=\"\" width=\"248\" height=\"67\" srcset=\"https:\/\/metamediatraining.com\/SafetySmartV2\/wp-content\/uploads\/2020\/08\/publications_spanish_Confined-Spaces-Spanish-Hazard-Alert-1024x276.jpg 1024w, https:\/\/metamediatraining.com\/SafetySmartV2\/wp-content\/uploads\/2020\/08\/publications_spanish_Confined-Spaces-Spanish-Hazard-Alert-300x81.jpg 300w, https:\/\/metamediatraining.com\/SafetySmartV2\/wp-content\/uploads\/2020\/08\/publications_spanish_Confined-Spaces-Spanish-Hazard-Alert-768x207.jpg 768w, https:\/\/metamediatraining.com\/SafetySmartV2\/wp-content\/uploads\/2020\/08\/publications_spanish_Confined-Spaces-Spanish-Hazard-Alert-220x59.jpg 220w, https:\/\/metamediatraining.com\/SafetySmartV2\/wp-content\/uploads\/2020\/08\/publications_spanish_Confined-Spaces-Spanish-Hazard-Alert-187x50.jpg 187w, https:\/\/metamediatraining.com\/SafetySmartV2\/wp-content\/uploads\/2020\/08\/publications_spanish_Confined-Spaces-Spanish-Hazard-Alert-453x122.jpg 453w\" sizes=\"(max-width: 248px) 100vw, 248px\" \/><\/a><\/p>\n<p style=\"padding-left: 30px;\">\u00a0 \u00a0 \u00a0 \u00a0 \u00a0 \u00a0[<strong><span style=\"color: #3366ff;\"><a style=\"color: #3366ff;\" href=\"https:\/\/www.cpwr.com\/wp-content\/uploads\/2013\/10\/Aerial-Lift-Hazard-Alert.pdf\">Ingl\u00e9s<\/a><\/span><\/strong>]\u00a0 \u00a0 \u00a0 \u00a0 \u00a0 \u00a0 \u00a0 \u00a0 \u00a0 \u00a0 \u00a0 \u00a0 \u00a0 \u00a0 \u00a0 \u00a0 \u00a0 \u00a0 \u00a0 \u00a0 \u00a0 \u00a0 \u00a0 \u00a0 \u00a0 \u00a0 \u00a0 \u00a0 \u00a0 \u00a0 \u00a0[<strong><span style=\"color: #3366ff;\"><a style=\"color: #3366ff;\" href=\"https:\/\/www.cpwr.com\/wp-content\/uploads\/publications\/publications_Confined-Spaces-Hazard-Alert.pdf\">Ingl\u00e9s<\/a><\/span><\/strong>]<\/p>\n<p>&nbsp;<\/p>\n<p><a href=\"https:\/\/www.cpwr.com\/wp-content\/uploads\/2013\/12\/Fall_Harness_Spanish.pdf\"><img decoding=\"async\" loading=\"lazy\" class=\"alignnone wp-image-4169\" src=\"https:\/\/metamediatraining.com\/SafetySmartV2\/wp-content\/uploads\/2020\/08\/Fall_Harness_Spanish-1-1024x251.jpg\" alt=\"\" width=\"244\" height=\"60\" srcset=\"https:\/\/metamediatraining.com\/SafetySmartV2\/wp-content\/uploads\/2020\/08\/Fall_Harness_Spanish-1-1024x251.jpg 1024w, https:\/\/metamediatraining.com\/SafetySmartV2\/wp-content\/uploads\/2020\/08\/Fall_Harness_Spanish-1-300x74.jpg 300w, https:\/\/metamediatraining.com\/SafetySmartV2\/wp-content\/uploads\/2020\/08\/Fall_Harness_Spanish-1-768x188.jpg 768w, https:\/\/metamediatraining.com\/SafetySmartV2\/wp-content\/uploads\/2020\/08\/Fall_Harness_Spanish-1-220x54.jpg 220w, https:\/\/metamediatraining.com\/SafetySmartV2\/wp-content\/uploads\/2020\/08\/Fall_Harness_Spanish-1-187x46.jpg 187w, https:\/\/metamediatraining.com\/SafetySmartV2\/wp-content\/uploads\/2020\/08\/Fall_Harness_Spanish-1-453x111.jpg 453w, https:\/\/metamediatraining.com\/SafetySmartV2\/wp-content\/uploads\/2020\/08\/Fall_Harness_Spanish-1.jpg 1749w\" sizes=\"(max-width: 244px) 100vw, 244px\" \/><\/a>\u00a0 \u00a0 \u00a0 \u00a0 \u00a0 \u00a0 \u00a0<a href=\"https:\/\/www.cpwr.com\/wp-content\/uploads\/2013\/12\/Ladders-Hazard-Alert-SP.pdf\"><img decoding=\"async\" loading=\"lazy\" class=\"alignnone wp-image-4167\" src=\"https:\/\/metamediatraining.com\/SafetySmartV2\/wp-content\/uploads\/2020\/08\/Ladders-Hazard-Alert-SP-1-1024x204.jpg\" alt=\"\" width=\"247\" height=\"49\" srcset=\"https:\/\/metamediatraining.com\/SafetySmartV2\/wp-content\/uploads\/2020\/08\/Ladders-Hazard-Alert-SP-1-1024x204.jpg 1024w, https:\/\/metamediatraining.com\/SafetySmartV2\/wp-content\/uploads\/2020\/08\/Ladders-Hazard-Alert-SP-1-300x60.jpg 300w, https:\/\/metamediatraining.com\/SafetySmartV2\/wp-content\/uploads\/2020\/08\/Ladders-Hazard-Alert-SP-1-768x153.jpg 768w, https:\/\/metamediatraining.com\/SafetySmartV2\/wp-content\/uploads\/2020\/08\/Ladders-Hazard-Alert-SP-1-220x44.jpg 220w, https:\/\/metamediatraining.com\/SafetySmartV2\/wp-content\/uploads\/2020\/08\/Ladders-Hazard-Alert-SP-1-187x37.jpg 187w, https:\/\/metamediatraining.com\/SafetySmartV2\/wp-content\/uploads\/2020\/08\/Ladders-Hazard-Alert-SP-1-453x90.jpg 453w, https:\/\/metamediatraining.com\/SafetySmartV2\/wp-content\/uploads\/2020\/08\/Ladders-Hazard-Alert-SP-1.jpg 1994w\" sizes=\"(max-width: 247px) 100vw, 247px\" \/><\/a><\/p>\n<p style=\"padding-left: 30px;\">\u00a0 \u00a0 \u00a0 \u00a0 \u00a0 \u00a0[<strong><span style=\"color: #3366ff;\"><a style=\"color: #3366ff;\" href=\"https:\/\/www.cpwr.com\/wp-content\/uploads\/2013\/12\/FallHarnessweb2018.pdf\">Ingl\u00e9s<\/a><\/span><\/strong>]\u00a0 \u00a0 \u00a0 \u00a0 \u00a0 \u00a0 \u00a0 \u00a0 \u00a0 \u00a0 \u00a0 \u00a0 \u00a0 \u00a0 \u00a0 \u00a0 \u00a0 \u00a0 \u00a0 \u00a0 \u00a0 \u00a0 \u00a0 \u00a0 \u00a0 \u00a0 \u00a0 \u00a0 \u00a0 \u00a0 \u00a0[<strong><span style=\"color: #3366ff;\"><a style=\"color: #3366ff;\" href=\"https:\/\/www.cpwr.com\/wp-content\/uploads\/2013\/12\/Ladders-Hazard-Alert.pdf\">Ingl\u00e9s<\/a><\/span><\/strong>]<\/p>\n<p>&nbsp;<\/p>\n<p><a href=\"https:\/\/www.cpwr.com\/wp-content\/uploads\/2013\/12\/Scaffolds_Spanish-FINAL_.pdf\"><img decoding=\"async\" loading=\"lazy\" class=\"alignnone wp-image-4166\" src=\"https:\/\/metamediatraining.com\/SafetySmartV2\/wp-content\/uploads\/2020\/08\/Scaffolds_Spanish-FINAL_-1-1024x277.jpg\" alt=\"\" width=\"238\" height=\"64\" srcset=\"https:\/\/metamediatraining.com\/SafetySmartV2\/wp-content\/uploads\/2020\/08\/Scaffolds_Spanish-FINAL_-1-1024x277.jpg 1024w, https:\/\/metamediatraining.com\/SafetySmartV2\/wp-content\/uploads\/2020\/08\/Scaffolds_Spanish-FINAL_-1-300x81.jpg 300w, https:\/\/metamediatraining.com\/SafetySmartV2\/wp-content\/uploads\/2020\/08\/Scaffolds_Spanish-FINAL_-1-768x208.jpg 768w, https:\/\/metamediatraining.com\/SafetySmartV2\/wp-content\/uploads\/2020\/08\/Scaffolds_Spanish-FINAL_-1-220x60.jpg 220w, https:\/\/metamediatraining.com\/SafetySmartV2\/wp-content\/uploads\/2020\/08\/Scaffolds_Spanish-FINAL_-1-187x51.jpg 187w, https:\/\/metamediatraining.com\/SafetySmartV2\/wp-content\/uploads\/2020\/08\/Scaffolds_Spanish-FINAL_-1-453x123.jpg 453w, https:\/\/metamediatraining.com\/SafetySmartV2\/wp-content\/uploads\/2020\/08\/Scaffolds_Spanish-FINAL_-1.jpg 1697w\" sizes=\"(max-width: 238px) 100vw, 238px\" \/><\/a>\u00a0 \u00a0 \u00a0 \u00a0 \u00a0 \u00a0 \u00a0 \u00a0<a href=\"https:\/\/www.cpwr.com\/wp-content\/uploads\/2013\/12\/TrenchesSpanishforweb.pdf\"><img decoding=\"async\" loading=\"lazy\" class=\"alignnone wp-image-4193\" src=\"https:\/\/metamediatraining.com\/SafetySmartV2\/wp-content\/uploads\/2020\/08\/TrenchesSpanishforweb-1024x255.jpg\" alt=\"\" width=\"244\" height=\"60\" srcset=\"https:\/\/metamediatraining.com\/SafetySmartV2\/wp-content\/uploads\/2020\/08\/TrenchesSpanishforweb-1024x255.jpg 1024w, https:\/\/metamediatraining.com\/SafetySmartV2\/wp-content\/uploads\/2020\/08\/TrenchesSpanishforweb-300x75.jpg 300w, https:\/\/metamediatraining.com\/SafetySmartV2\/wp-content\/uploads\/2020\/08\/TrenchesSpanishforweb-768x191.jpg 768w, https:\/\/metamediatraining.com\/SafetySmartV2\/wp-content\/uploads\/2020\/08\/TrenchesSpanishforweb-220x55.jpg 220w, https:\/\/metamediatraining.com\/SafetySmartV2\/wp-content\/uploads\/2020\/08\/TrenchesSpanishforweb-187x47.jpg 187w, https:\/\/metamediatraining.com\/SafetySmartV2\/wp-content\/uploads\/2020\/08\/TrenchesSpanishforweb-453x113.jpg 453w, https:\/\/metamediatraining.com\/SafetySmartV2\/wp-content\/uploads\/2020\/08\/TrenchesSpanishforweb.jpg 1172w\" sizes=\"(max-width: 244px) 100vw, 244px\" \/><\/a><\/p>\n<p style=\"padding-left: 30px;\">\u00a0 \u00a0 \u00a0 \u00a0 \u00a0 \u00a0[<strong><span style=\"color: #3366ff;\"><a style=\"color: #3366ff;\" href=\"https:\/\/www.cpwr.com\/wp-content\/uploads\/2013\/12\/HazAlert-Scaffolds.pdf\">Ingl\u00e9s<\/a><\/span><\/strong>]\u00a0 \u00a0 \u00a0 \u00a0 \u00a0 \u00a0 \u00a0 \u00a0 \u00a0 \u00a0 \u00a0 \u00a0 \u00a0 \u00a0 \u00a0 \u00a0 \u00a0 \u00a0 \u00a0 \u00a0 \u00a0 \u00a0 \u00a0 \u00a0 \u00a0 \u00a0 \u00a0 \u00a0 \u00a0 \u00a0 \u00a0[<strong><span style=\"color: #3366ff;\"><a style=\"color: #3366ff;\" href=\"https:\/\/www.cpwr.com\/wp-content\/uploads\/2013\/12\/TrenchingPDFforweb.pdf\">Ingl\u00e9s<\/a><\/span><\/strong>]<\/p>\n<p><span style=\"color: #000000;\">Obtenga m\u00e1s informaci\u00f3n sobre la capacitaci\u00f3n en prevenci\u00f3n de ca\u00eddas. Vea nuestros\u00a0<a href=\"https:\/\/metamediatraining.com\/SafetySmartV2\/planificar-proporcionar-capacitar\/paro-3-capacitar\/paso-3-capacitar-video\/\"><strong><span style=\"color: #3366ff;\">Videos<\/span><\/strong><\/a>\u00a0y<\/span>\u00a0<span style=\"color: #3366ff;\"><strong><a style=\"color: #3366ff;\" href=\"https:\/\/metamediatraining.com\/SafetySmartV2\/planificar-proporcionar-capacitar\/paro-3-capacitar\/paso-3-capacitar-reuniones-prearatorias-sobre-la-seguridad-en-el-trabajo\/\">Reuniones enfocadas en la seguridad en el trabajo.<\/a><\/strong><\/span><\/p>\n","protected":false},"excerpt":{"rendered":"<p>Paso 3: Capacitar &#8211; Alertas de riesgo &nbsp; Tarjetas de alerta de riesgo\u00a0son para entregarlas a sus empleados y usarlas como recordatorio de lo que deber\u00edan tener en cuenta y las pr\u00e1cticas seguras para evitar ca\u00eddas.\u00a0Haga clic en las\u00a0im\u00e1genes\u00a0y\u00a0los enlaces\u00a0a continuaci\u00f3n para descargarlas en ingl\u00e9s o espa\u00f1ol, o env\u00ede un correo electr\u00f3nico a\u00a0cpwr-r2p@cpwr.com para ordenar\u00a0tarjetas\u00a0gratis. [&hellip;]<\/p>\n","protected":false},"author":6,"featured_media":0,"parent":3880,"menu_order":0,"comment_status":"closed","ping_status":"closed","template":"page-full.php","meta":[],"_links":{"self":[{"href":"https:\/\/metamediatraining.com\/SafetySmartV2\/wp-json\/wp\/v2\/pages\/3889"}],"collection":[{"href":"https:\/\/metamediatraining.com\/SafetySmartV2\/wp-json\/wp\/v2\/pages"}],"about":[{"href":"https:\/\/metamediatraining.com\/SafetySmartV2\/wp-json\/wp\/v2\/types\/page"}],"author":[{"embeddable":true,"href":"https:\/\/metamediatraining.com\/SafetySmartV2\/wp-json\/wp\/v2\/users\/6"}],"replies":[{"embeddable":true,"href":"https:\/\/metamediatraining.com\/SafetySmartV2\/wp-json\/wp\/v2\/comments?post=3889"}],"version-history":[{"count":24,"href":"https:\/\/metamediatraining.com\/SafetySmartV2\/wp-json\/wp\/v2\/pages\/3889\/revisions"}],"predecessor-version":[{"id":4277,"href":"https:\/\/metamediatraining.com\/SafetySmartV2\/wp-json\/wp\/v2\/pages\/3889\/revisions\/4277"}],"up":[{"embeddable":true,"href":"https:\/\/metamediatraining.com\/SafetySmartV2\/wp-json\/wp\/v2\/pages\/3880"}],"wp:attachment":[{"href":"https:\/\/metamediatraining.com\/SafetySmartV2\/wp-json\/wp\/v2\/media?parent=3889"}],"curies":[{"name":"wp","href":"https:\/\/api.w.org\/{rel}","templated":true}]}}