{"id":3887,"date":"2020-08-05T20:26:09","date_gmt":"2020-08-05T20:26:09","guid":{"rendered":"https:\/\/stopconstructionfalls.com\/?page_id=3887"},"modified":"2020-08-26T17:42:43","modified_gmt":"2020-08-26T17:42:43","slug":"paso-3-capacitar-reuniones-prearatorias-sobre-la-seguridad-en-el-trabajo","status":"publish","type":"page","link":"https:\/\/metamediatraining.com\/SafetySmartV2\/planificar-proporcionar-capacitar\/paro-3-capacitar\/paso-3-capacitar-reuniones-prearatorias-sobre-la-seguridad-en-el-trabajo\/","title":{"rendered":"Paso 3: Capacitar: Reuniones preparatorias sobre la seguridad en el trabajo"},"content":{"rendered":"<p style=\"text-align: center;\"><strong><img decoding=\"async\" loading=\"lazy\" class=\"alignnone wp-image-3551 alignleft\" src=\"https:\/\/metamediatraining.com\/SafetySmartV2\/wp-content\/uploads\/2020\/01\/Picture2.png\" alt=\"\" width=\"87\" height=\"62\" \/><\/strong><img decoding=\"async\" loading=\"lazy\" class=\" wp-image-4249 alignleft\" src=\"https:\/\/metamediatraining.com\/SafetySmartV2\/wp-content\/uploads\/2020\/08\/Preventing-Falls-Logo-Spanish-1024x191.jpg\" alt=\"\" width=\"410\" height=\"76\" srcset=\"https:\/\/metamediatraining.com\/SafetySmartV2\/wp-content\/uploads\/2020\/08\/Preventing-Falls-Logo-Spanish-1024x191.jpg 1024w, https:\/\/metamediatraining.com\/SafetySmartV2\/wp-content\/uploads\/2020\/08\/Preventing-Falls-Logo-Spanish-300x56.jpg 300w, https:\/\/metamediatraining.com\/SafetySmartV2\/wp-content\/uploads\/2020\/08\/Preventing-Falls-Logo-Spanish-768x143.jpg 768w, https:\/\/metamediatraining.com\/SafetySmartV2\/wp-content\/uploads\/2020\/08\/Preventing-Falls-Logo-Spanish-220x41.jpg 220w, https:\/\/metamediatraining.com\/SafetySmartV2\/wp-content\/uploads\/2020\/08\/Preventing-Falls-Logo-Spanish-187x35.jpg 187w, https:\/\/metamediatraining.com\/SafetySmartV2\/wp-content\/uploads\/2020\/08\/Preventing-Falls-Logo-Spanish-453x85.jpg 453w\" sizes=\"(max-width: 410px) 100vw, 410px\" \/><\/p>\n<p style=\"text-align: center;\">\r\n\t\t\t<div class='et-tabs-container et_sliderfx_slide et_sliderauto_false et_sliderauto_speed_5000 et_slidertype_top_tabs'>\r\n\t\t\t\t<ul class='et-tabs-control'>\r\n\t\t\t<li><a href='#'>\r\n\t\t\t\r\n\t\t<\/a><\/li>\r\n\t\t<\/ul> <!-- .et-tabs-control --> \r\n\t\t<div class='et-tabs-content'>\r\n\t\t\t<div class='et-tabs-content-main-wrap'>\r\n\t\t\t\t<div class='et-tabs-content-wrapper'>\r\n\t\t\t\t\t<div class='et_slidecontent'>\r\n\t\t\t<span style=\"color: #000000;\"><strong><a style=\"color: #000000;\" href=\"https:\/\/metamediatraining.com\/SafetySmartV2\/planificar-proporcionar-capacitar\/\"><b>P\u00e1gina de inicio<\/b><\/a>\u00a0 \u00a0 \u00a0\u00a0<a style=\"color: #000000;\" href=\"https:\/\/metamediatraining.com\/SafetySmartV2\/planificar-proporcionar-capacitar\/paso-1-planificar\/\">Planificar<\/a>\u00a0 \u00a0 \u00a0<a style=\"color: #000000;\" href=\"https:\/\/metamediatraining.com\/SafetySmartV2\/planificar-proporcionar-capacitar\/paso-2-proporcionar\/\">Proporcionar<\/a>\u00a0 \u00a0 \u00a0<a style=\"color: #000000;\" href=\"https:\/\/metamediatraining.com\/SafetySmartV2\/planificar-proporcionar-capacitar\/paro-3-capacitar\/\">Capacitar<\/a><\/strong><\/span>\u00a0 \u00a0 \u00a0<a style=\"color: #000000;\" href=\"https:\/\/metamediatraining.com\/SafetySmartV2\/plan-provide-train\/\"><strong>English<\/strong><\/a>\u00a0 \u00a0\r\n\t\t<\/div>\r\n\t\t\t\t<\/div>\r\n\t\t\t<\/div>\r\n\t\t<\/div>\r\n\t\t\t<\/div> <!-- .et-tabs-container --><\/p>\n<h1><strong><span style=\"color: #000000;\">Paso 3: Capacitar &#8211; Reuniones preparatorias sobre la seguridad en el trabajo<\/span><\/strong><\/h1>\n<p>&nbsp;<\/p>\n<h3><span style=\"font-weight: 400; color: #000000;\">Involucrese en las capaciaciones de la seguridad en el trabajo y hable con sus empleados sobre los riesgos de ca\u00eddas que pueden encontrar y c\u00f3mo prevenir una ca\u00edda. Haga clic en las\u00a0<strong>im\u00e1genes<\/strong>\u00a0y<strong>\u00a0los enlaces<\/strong>\u00a0a continuaci\u00f3n para descargarlas en ingl\u00e9s o en espa\u00f1ol.<\/span><\/h3>\n<p>&nbsp;<\/p>\n<p style=\"padding-left: 30px;\"><a href=\"https:\/\/www.cpwr.com\/wp-content\/uploads\/2013\/12\/1-Jirafas.pdf\"><img decoding=\"async\" loading=\"lazy\" class=\"alignnone wp-image-4080\" src=\"https:\/\/metamediatraining.com\/SafetySmartV2\/wp-content\/uploads\/2020\/08\/1-Jirafas-791x1024.jpg\" alt=\"\" width=\"149\" height=\"193\" srcset=\"https:\/\/metamediatraining.com\/SafetySmartV2\/wp-content\/uploads\/2020\/08\/1-Jirafas-791x1024.jpg 791w, https:\/\/metamediatraining.com\/SafetySmartV2\/wp-content\/uploads\/2020\/08\/1-Jirafas-232x300.jpg 232w, https:\/\/metamediatraining.com\/SafetySmartV2\/wp-content\/uploads\/2020\/08\/1-Jirafas-768x994.jpg 768w, https:\/\/metamediatraining.com\/SafetySmartV2\/wp-content\/uploads\/2020\/08\/1-Jirafas-220x285.jpg 220w, https:\/\/metamediatraining.com\/SafetySmartV2\/wp-content\/uploads\/2020\/08\/1-Jirafas-187x242.jpg 187w, https:\/\/metamediatraining.com\/SafetySmartV2\/wp-content\/uploads\/2020\/08\/1-Jirafas-453x586.jpg 453w\" sizes=\"(max-width: 149px) 100vw, 149px\" \/><\/a>\u00a0 \u00a0 \u00a0\u00a0<a href=\"https:\/\/www.cpwr.com\/wp-content\/uploads\/2013\/12\/11-espacios-confinados.pdf\"><img decoding=\"async\" loading=\"lazy\" class=\"alignnone wp-image-4079\" src=\"https:\/\/metamediatraining.com\/SafetySmartV2\/wp-content\/uploads\/2020\/08\/11-espacios-confinados-791x1024.jpg\" alt=\"\" width=\"143\" height=\"186\" srcset=\"https:\/\/metamediatraining.com\/SafetySmartV2\/wp-content\/uploads\/2020\/08\/11-espacios-confinados-791x1024.jpg 791w, https:\/\/metamediatraining.com\/SafetySmartV2\/wp-content\/uploads\/2020\/08\/11-espacios-confinados-232x300.jpg 232w, https:\/\/metamediatraining.com\/SafetySmartV2\/wp-content\/uploads\/2020\/08\/11-espacios-confinados-768x994.jpg 768w, https:\/\/metamediatraining.com\/SafetySmartV2\/wp-content\/uploads\/2020\/08\/11-espacios-confinados-220x285.jpg 220w, https:\/\/metamediatraining.com\/SafetySmartV2\/wp-content\/uploads\/2020\/08\/11-espacios-confinados-187x242.jpg 187w, https:\/\/metamediatraining.com\/SafetySmartV2\/wp-content\/uploads\/2020\/08\/11-espacios-confinados-453x586.jpg 453w\" sizes=\"(max-width: 143px) 100vw, 143px\" \/><\/a>\u00a0 \u00a0 \u00a0<a href=\"https:\/\/www.cpwr.com\/wp-content\/uploads\/publications\/19-maquinarias-c%C2%A6mo-subirse-y-bajarse.pdf\"><img decoding=\"async\" loading=\"lazy\" class=\"alignnone wp-image-4078\" src=\"https:\/\/metamediatraining.com\/SafetySmartV2\/wp-content\/uploads\/2020\/08\/19-maquinarias-c\u00a6mo-subirse-y-bajarse-791x1024.jpg\" alt=\"\" width=\"140\" height=\"182\" srcset=\"https:\/\/metamediatraining.com\/SafetySmartV2\/wp-content\/uploads\/2020\/08\/19-maquinarias-c\u00a6mo-subirse-y-bajarse-791x1024.jpg 791w, https:\/\/metamediatraining.com\/SafetySmartV2\/wp-content\/uploads\/2020\/08\/19-maquinarias-c\u00a6mo-subirse-y-bajarse-232x300.jpg 232w, https:\/\/metamediatraining.com\/SafetySmartV2\/wp-content\/uploads\/2020\/08\/19-maquinarias-c\u00a6mo-subirse-y-bajarse-768x994.jpg 768w, https:\/\/metamediatraining.com\/SafetySmartV2\/wp-content\/uploads\/2020\/08\/19-maquinarias-c\u00a6mo-subirse-y-bajarse-220x285.jpg 220w, https:\/\/metamediatraining.com\/SafetySmartV2\/wp-content\/uploads\/2020\/08\/19-maquinarias-c\u00a6mo-subirse-y-bajarse-187x242.jpg 187w, https:\/\/metamediatraining.com\/SafetySmartV2\/wp-content\/uploads\/2020\/08\/19-maquinarias-c\u00a6mo-subirse-y-bajarse-453x586.jpg 453w\" sizes=\"(max-width: 140px) 100vw, 140px\" \/><\/a><\/p>\n<p style=\"padding-left: 60px;\">[<strong><span style=\"color: #3366ff;\"><a style=\"color: #3366ff;\" href=\"https:\/\/www.cpwr.com\/wp-content\/uploads\/2013\/12\/Aerial-Lift-Safety-TBT_0.pdf\">Ingl\u00e9s<\/a><\/span><\/strong>]\u00a0 \u00a0 \u00a0 \u00a0 \u00a0 \u00a0 \u00a0 \u00a0 \u00a0 \u00a0 \u00a0 \u00a0 \u00a0 \u00a0 [<strong><span style=\"color: #3366ff;\"><a style=\"color: #3366ff;\" href=\"https:\/\/www.cpwr.com\/wp-content\/uploads\/2013\/12\/CPWR_Confined_Spaces_2.pdf\">Ingl\u00e9s<\/a><\/span><\/strong>]\u00a0 \u00a0 \u00a0 \u00a0 \u00a0 \u00a0 \u00a0 \u00a0 \u00a0 \u00a0 \u00a0 \u00a0 \u00a0 \u00a0[<strong><span style=\"color: #3366ff;\"><a style=\"color: #3366ff;\" href=\"https:\/\/www.cpwr.com\/wp-content\/uploads\/publications\/CPWR_Equipment_Getting_OnOff_1.pdf\">Ingl\u00e9s<\/a><\/span><\/strong>]<\/p>\n<p style=\"padding-left: 30px;\">\u00a0<a href=\"https:\/\/www.cpwr.com\/wp-content\/uploads\/publications\/21-ca%C2%A1das-desde-veh%C2%A1culos-en-movimiento.pdf\"><img decoding=\"async\" loading=\"lazy\" class=\"alignnone wp-image-4083\" src=\"https:\/\/metamediatraining.com\/SafetySmartV2\/wp-content\/uploads\/2020\/08\/21-ca\u00a1das-desde-veh\u00a1culos-en-movimiento-791x1024.jpg\" alt=\"\" width=\"138\" height=\"178\" srcset=\"https:\/\/metamediatraining.com\/SafetySmartV2\/wp-content\/uploads\/2020\/08\/21-ca\u00a1das-desde-veh\u00a1culos-en-movimiento-791x1024.jpg 791w, https:\/\/metamediatraining.com\/SafetySmartV2\/wp-content\/uploads\/2020\/08\/21-ca\u00a1das-desde-veh\u00a1culos-en-movimiento-232x300.jpg 232w, https:\/\/metamediatraining.com\/SafetySmartV2\/wp-content\/uploads\/2020\/08\/21-ca\u00a1das-desde-veh\u00a1culos-en-movimiento-768x994.jpg 768w, https:\/\/metamediatraining.com\/SafetySmartV2\/wp-content\/uploads\/2020\/08\/21-ca\u00a1das-desde-veh\u00a1culos-en-movimiento-220x285.jpg 220w, https:\/\/metamediatraining.com\/SafetySmartV2\/wp-content\/uploads\/2020\/08\/21-ca\u00a1das-desde-veh\u00a1culos-en-movimiento-187x242.jpg 187w, https:\/\/metamediatraining.com\/SafetySmartV2\/wp-content\/uploads\/2020\/08\/21-ca\u00a1das-desde-veh\u00a1culos-en-movimiento-453x586.jpg 453w\" sizes=\"(max-width: 138px) 100vw, 138px\" \/><\/a>\u00a0 \u00a0 \u00a0 \u00a0\u00a0<a href=\"https:\/\/www.cpwr.com\/wp-content\/uploads\/2013\/10\/25-cai%CC%81das-escaleras-extensibles-QRcode.pdf\"><img decoding=\"async\" loading=\"lazy\" class=\"alignnone wp-image-4082\" src=\"https:\/\/metamediatraining.com\/SafetySmartV2\/wp-content\/uploads\/2020\/08\/25-cai\u0301das-escaleras-extensibles-QRcode-791x1024.jpg\" alt=\"\" width=\"138\" height=\"180\" srcset=\"https:\/\/metamediatraining.com\/SafetySmartV2\/wp-content\/uploads\/2020\/08\/25-cai\u0301das-escaleras-extensibles-QRcode-791x1024.jpg 791w, https:\/\/metamediatraining.com\/SafetySmartV2\/wp-content\/uploads\/2020\/08\/25-cai\u0301das-escaleras-extensibles-QRcode-768x994.jpg 768w, https:\/\/metamediatraining.com\/SafetySmartV2\/wp-content\/uploads\/2020\/08\/25-cai\u0301das-escaleras-extensibles-QRcode-220x285.jpg 220w, https:\/\/metamediatraining.com\/SafetySmartV2\/wp-content\/uploads\/2020\/08\/25-cai\u0301das-escaleras-extensibles-QRcode-187x242.jpg 187w, https:\/\/metamediatraining.com\/SafetySmartV2\/wp-content\/uploads\/2020\/08\/25-cai\u0301das-escaleras-extensibles-QRcode-453x586.jpg 453w\" sizes=\"(max-width: 138px) 100vw, 138px\" \/><\/a>\u00a0 \u00a0 \u00a0\u00a0\u00a0<a href=\"https:\/\/www.cpwr.com\/wp-content\/uploads\/publications\/26-ca%C2%A1das-protecci%C2%A6n-general-y-concientizaci%C2%A6n.pdf\"><img decoding=\"async\" loading=\"lazy\" class=\"alignnone wp-image-4081\" src=\"https:\/\/metamediatraining.com\/SafetySmartV2\/wp-content\/uploads\/2020\/08\/26-ca\u00a1das-protecci\u00a6n-general-y-concientizaci\u00a6n-791x1024.jpg\" alt=\"\" width=\"141\" height=\"183\" srcset=\"https:\/\/metamediatraining.com\/SafetySmartV2\/wp-content\/uploads\/2020\/08\/26-ca\u00a1das-protecci\u00a6n-general-y-concientizaci\u00a6n-791x1024.jpg 791w, https:\/\/metamediatraining.com\/SafetySmartV2\/wp-content\/uploads\/2020\/08\/26-ca\u00a1das-protecci\u00a6n-general-y-concientizaci\u00a6n-232x300.jpg 232w, https:\/\/metamediatraining.com\/SafetySmartV2\/wp-content\/uploads\/2020\/08\/26-ca\u00a1das-protecci\u00a6n-general-y-concientizaci\u00a6n-768x994.jpg 768w, https:\/\/metamediatraining.com\/SafetySmartV2\/wp-content\/uploads\/2020\/08\/26-ca\u00a1das-protecci\u00a6n-general-y-concientizaci\u00a6n-220x285.jpg 220w, https:\/\/metamediatraining.com\/SafetySmartV2\/wp-content\/uploads\/2020\/08\/26-ca\u00a1das-protecci\u00a6n-general-y-concientizaci\u00a6n-187x242.jpg 187w, https:\/\/metamediatraining.com\/SafetySmartV2\/wp-content\/uploads\/2020\/08\/26-ca\u00a1das-protecci\u00a6n-general-y-concientizaci\u00a6n-453x586.jpg 453w\" sizes=\"(max-width: 141px) 100vw, 141px\" \/><\/a><\/p>\n<p style=\"padding-left: 60px;\">[<strong><span style=\"color: #3366ff;\"><a style=\"color: #3366ff;\" href=\"https:\/\/www.cpwr.com\/wp-content\/uploads\/publications\/CPWR_Falls_Moving_Equipment_Revised_Aug2015.pdf\">Ingl\u00e9s<\/a><\/span><\/strong>]\u00a0 \u00a0 \u00a0 \u00a0 \u00a0 \u00a0 \u00a0 \u00a0 \u00a0 \u00a0 \u00a0 \u00a0 \u00a0 \u00a0 \u00a0[<strong><span style=\"color: #3366ff;\"><a style=\"color: #3366ff;\" href=\"https:\/\/www.cpwr.com\/wp-content\/uploads\/publications\/CPWR_Falls_Extension_Ladders_1.pdf\">Ingl\u00e9s<\/a><\/span><\/strong>]\u00a0 \u00a0 \u00a0 \u00a0 \u00a0 \u00a0 \u00a0 \u00a0 \u00a0 \u00a0 \u00a0 \u00a0 \u00a0 \u00a0[<strong><span style=\"color: #3366ff;\"><a style=\"color: #3366ff;\" href=\"https:\/\/www.cpwr.com\/wp-content\/uploads\/publications\/CPWR_Falls_General_ProtectionAwareness_0.pdf\">Ingl\u00e9s<\/a><\/span><\/strong>]<\/p>\n<p style=\"padding-left: 30px;\">\u00a0\u00a0<a href=\"https:\/\/www.cpwr.com\/wp-content\/uploads\/2020\/06\/41-prevencio%CC%81n-de-cai%CC%81das-desde-techos.pdf\"><img decoding=\"async\" loading=\"lazy\" class=\"alignnone wp-image-4086\" src=\"https:\/\/metamediatraining.com\/SafetySmartV2\/wp-content\/uploads\/2020\/08\/41-prevencio\u0301n-de-cai\u0301das-desde-techos-791x1024.jpg\" alt=\"\" width=\"134\" height=\"174\" srcset=\"https:\/\/metamediatraining.com\/SafetySmartV2\/wp-content\/uploads\/2020\/08\/41-prevencio\u0301n-de-cai\u0301das-desde-techos-791x1024.jpg 791w, https:\/\/metamediatraining.com\/SafetySmartV2\/wp-content\/uploads\/2020\/08\/41-prevencio\u0301n-de-cai\u0301das-desde-techos-232x300.jpg 232w, https:\/\/metamediatraining.com\/SafetySmartV2\/wp-content\/uploads\/2020\/08\/41-prevencio\u0301n-de-cai\u0301das-desde-techos-768x994.jpg 768w, https:\/\/metamediatraining.com\/SafetySmartV2\/wp-content\/uploads\/2020\/08\/41-prevencio\u0301n-de-cai\u0301das-desde-techos-220x285.jpg 220w, https:\/\/metamediatraining.com\/SafetySmartV2\/wp-content\/uploads\/2020\/08\/41-prevencio\u0301n-de-cai\u0301das-desde-techos-187x242.jpg 187w, https:\/\/metamediatraining.com\/SafetySmartV2\/wp-content\/uploads\/2020\/08\/41-prevencio\u0301n-de-cai\u0301das-desde-techos-453x586.jpg 453w\" sizes=\"(max-width: 134px) 100vw, 134px\" \/><\/a>\u00a0 \u00a0 \u00a0 \u00a0\u00a0<a href=\"https:\/\/www.cpwr.com\/wp-content\/uploads\/2013\/10\/42-prevencio%CC%81n-de-cai%CC%81das-desde-andamios.pdf\"><img decoding=\"async\" loading=\"lazy\" class=\"alignnone wp-image-4085\" src=\"https:\/\/metamediatraining.com\/SafetySmartV2\/wp-content\/uploads\/2020\/08\/42-prevencio\u0301n-de-cai\u0301das-desde-andamios-791x1024.jpg\" alt=\"\" width=\"135\" height=\"174\" srcset=\"https:\/\/metamediatraining.com\/SafetySmartV2\/wp-content\/uploads\/2020\/08\/42-prevencio\u0301n-de-cai\u0301das-desde-andamios-791x1024.jpg 791w, https:\/\/metamediatraining.com\/SafetySmartV2\/wp-content\/uploads\/2020\/08\/42-prevencio\u0301n-de-cai\u0301das-desde-andamios-232x300.jpg 232w, https:\/\/metamediatraining.com\/SafetySmartV2\/wp-content\/uploads\/2020\/08\/42-prevencio\u0301n-de-cai\u0301das-desde-andamios-768x994.jpg 768w, https:\/\/metamediatraining.com\/SafetySmartV2\/wp-content\/uploads\/2020\/08\/42-prevencio\u0301n-de-cai\u0301das-desde-andamios-220x285.jpg 220w, https:\/\/metamediatraining.com\/SafetySmartV2\/wp-content\/uploads\/2020\/08\/42-prevencio\u0301n-de-cai\u0301das-desde-andamios-187x242.jpg 187w, https:\/\/metamediatraining.com\/SafetySmartV2\/wp-content\/uploads\/2020\/08\/42-prevencio\u0301n-de-cai\u0301das-desde-andamios-453x586.jpg 453w\" sizes=\"(max-width: 135px) 100vw, 135px\" \/><\/a>\u00a0 \u00a0 \u00a0 \u00a0 <a href=\"https:\/\/www.cpwr.com\/wp-content\/uploads\/2018\/07\/21-cai%CC%81das-por-agujeros-y-aberturas.pdf\"><img decoding=\"async\" loading=\"lazy\" class=\"alignnone wp-image-4084\" src=\"https:\/\/metamediatraining.com\/SafetySmartV2\/wp-content\/uploads\/2020\/08\/21-cai\u0301das-por-agujeros-y-aberturas-791x1024.jpg\" alt=\"\" width=\"139\" height=\"180\" srcset=\"https:\/\/metamediatraining.com\/SafetySmartV2\/wp-content\/uploads\/2020\/08\/21-cai\u0301das-por-agujeros-y-aberturas-791x1024.jpg 791w, https:\/\/metamediatraining.com\/SafetySmartV2\/wp-content\/uploads\/2020\/08\/21-cai\u0301das-por-agujeros-y-aberturas-232x300.jpg 232w, https:\/\/metamediatraining.com\/SafetySmartV2\/wp-content\/uploads\/2020\/08\/21-cai\u0301das-por-agujeros-y-aberturas-768x994.jpg 768w, https:\/\/metamediatraining.com\/SafetySmartV2\/wp-content\/uploads\/2020\/08\/21-cai\u0301das-por-agujeros-y-aberturas-220x285.jpg 220w, https:\/\/metamediatraining.com\/SafetySmartV2\/wp-content\/uploads\/2020\/08\/21-cai\u0301das-por-agujeros-y-aberturas-187x242.jpg 187w, https:\/\/metamediatraining.com\/SafetySmartV2\/wp-content\/uploads\/2020\/08\/21-cai\u0301das-por-agujeros-y-aberturas-453x586.jpg 453w\" sizes=\"(max-width: 139px) 100vw, 139px\" \/><\/a><\/p>\n<p style=\"padding-left: 60px;\">[<strong><span style=\"color: #3366ff;\"><a style=\"color: #3366ff;\" href=\"https:\/\/www.cpwr.com\/wp-content\/uploads\/2020\/06\/41-Preventing-Falls-from-Rooftops-CPWR.pdf\">Ingl\u00e9s<\/a><\/span><\/strong>]\u00a0 \u00a0 \u00a0 \u00a0 \u00a0 \u00a0 \u00a0 \u00a0 \u00a0 \u00a0 \u00a0 \u00a0 \u00a0 \u00a0 \u00a0[<strong><span style=\"color: #3366ff;\"><a style=\"color: #3366ff;\" href=\"https:\/\/www.cpwr.com\/wp-content\/uploads\/publications\/42-Preventing-Falls-from-Scaffolding-CPWR_0.pdf\">Ingl\u00e9s<\/a><\/span><\/strong>]\u00a0 \u00a0 \u00a0 \u00a0 \u00a0 \u00a0 \u00a0 \u00a0 \u00a0 \u00a0 \u00a0 \u00a0 \u00a0 \u00a0 [<strong><span style=\"color: #3366ff;\"><a style=\"color: #3366ff;\" href=\"https:\/\/www.cpwr.com\/wp-content\/uploads\/2018\/07\/21-Preventing-Falls-Through-Holes-CPWR.pdf\">Ingl\u00e9s<\/a><\/span><\/strong>]<\/p>\n<p style=\"padding-left: 30px;\">\u00a0 \u00a0<a href=\"https:\/\/www.cpwr.com\/wp-content\/uploads\/publications\/43-colapso-de-techo.pdf\"><img decoding=\"async\" loading=\"lazy\" class=\"alignnone wp-image-4088\" src=\"https:\/\/metamediatraining.com\/SafetySmartV2\/wp-content\/uploads\/2020\/08\/43-colapso-de-techo-791x1024.jpg\" alt=\"\" width=\"144\" height=\"186\" srcset=\"https:\/\/metamediatraining.com\/SafetySmartV2\/wp-content\/uploads\/2020\/08\/43-colapso-de-techo-791x1024.jpg 791w, https:\/\/metamediatraining.com\/SafetySmartV2\/wp-content\/uploads\/2020\/08\/43-colapso-de-techo-232x300.jpg 232w, https:\/\/metamediatraining.com\/SafetySmartV2\/wp-content\/uploads\/2020\/08\/43-colapso-de-techo-768x994.jpg 768w, https:\/\/metamediatraining.com\/SafetySmartV2\/wp-content\/uploads\/2020\/08\/43-colapso-de-techo-220x285.jpg 220w, https:\/\/metamediatraining.com\/SafetySmartV2\/wp-content\/uploads\/2020\/08\/43-colapso-de-techo-187x242.jpg 187w, https:\/\/metamediatraining.com\/SafetySmartV2\/wp-content\/uploads\/2020\/08\/43-colapso-de-techo-453x586.jpg 453w\" sizes=\"(max-width: 144px) 100vw, 144px\" \/><\/a> \u00a0 \u00a0 \u00a0<a href=\"https:\/\/www.cpwr.com\/wp-content\/uploads\/publications\/47-escaleras-de-tijeras.pdf\"><img decoding=\"async\" loading=\"lazy\" class=\"alignnone wp-image-4087\" src=\"https:\/\/metamediatraining.com\/SafetySmartV2\/wp-content\/uploads\/2020\/08\/47-escaleras-de-tijeras-791x1024.jpg\" alt=\"\" width=\"143\" height=\"185\" srcset=\"https:\/\/metamediatraining.com\/SafetySmartV2\/wp-content\/uploads\/2020\/08\/47-escaleras-de-tijeras-791x1024.jpg 791w, https:\/\/metamediatraining.com\/SafetySmartV2\/wp-content\/uploads\/2020\/08\/47-escaleras-de-tijeras-232x300.jpg 232w, https:\/\/metamediatraining.com\/SafetySmartV2\/wp-content\/uploads\/2020\/08\/47-escaleras-de-tijeras-768x994.jpg 768w, https:\/\/metamediatraining.com\/SafetySmartV2\/wp-content\/uploads\/2020\/08\/47-escaleras-de-tijeras-220x285.jpg 220w, https:\/\/metamediatraining.com\/SafetySmartV2\/wp-content\/uploads\/2020\/08\/47-escaleras-de-tijeras-187x242.jpg 187w, https:\/\/metamediatraining.com\/SafetySmartV2\/wp-content\/uploads\/2020\/08\/47-escaleras-de-tijeras-453x586.jpg 453w\" sizes=\"(max-width: 143px) 100vw, 143px\" \/><\/a><\/p>\n<p style=\"padding-left: 60px;\">[<strong><span style=\"color: #3366ff;\"><a style=\"color: #3366ff;\" href=\"https:\/\/www.cpwr.com\/wp-content\/uploads\/publications\/CPWR_Roof_Collapse_0.pdf\">Ingl\u00e9s<\/a><\/span><\/strong>]\u00a0 \u00a0 \u00a0 \u00a0 \u00a0 \u00a0 \u00a0 \u00a0 \u00a0 \u00a0 \u00a0 \u00a0 \u00a0 \u00a0 \u00a0 [<strong><span style=\"color: #3366ff;\"><a style=\"color: #3366ff;\" href=\"https:\/\/www.cpwr.com\/wp-content\/uploads\/publications\/CPWR_Step_Ladders_0.pdf\">Ingl\u00e9s<\/a><\/span><\/strong>]<\/p>\n<p><span style=\"color: #000000;\">Obtenga m\u00e1s informaci\u00f3n sobre la capacitaci\u00f3n en prevenci\u00f3n de ca\u00eddas. Vea nuestros<\/span>\u00a0<strong><span style=\"color: #3366ff;\"><a style=\"color: #3366ff;\" href=\"https:\/\/metamediatraining.com\/SafetySmartV2\/planificar-proporcionar-capacitar\/paro-3-capacitar\/paso-3-capacitar-video\/\">Videos<\/a><\/span><\/strong>\u00a0<span style=\"color: #000000;\">y<\/span>\u00a0<span style=\"color: #3366ff;\"><strong><a style=\"color: #3366ff;\" href=\"https:\/\/metamediatraining.com\/SafetySmartV2\/planificar-proporcionar-capacitar\/paro-3-capacitar\/paso-3-capacitar-alertas-de-riesgo\/\">Tarjetas de alertas de riesgos<\/a><\/strong><\/span>.<\/p>\n","protected":false},"excerpt":{"rendered":"<p>Paso 3: Capacitar &#8211; Reuniones preparatorias sobre la seguridad en el trabajo &nbsp; Involucrese en las capaciaciones de la seguridad en el trabajo y hable con sus empleados sobre los riesgos de ca\u00eddas que pueden encontrar y c\u00f3mo prevenir una ca\u00edda. Haga clic en las\u00a0im\u00e1genes\u00a0y\u00a0los enlaces\u00a0a continuaci\u00f3n para descargarlas en ingl\u00e9s o en espa\u00f1ol. &nbsp; [&hellip;]<\/p>\n","protected":false},"author":6,"featured_media":0,"parent":3880,"menu_order":0,"comment_status":"closed","ping_status":"closed","template":"page-full.php","meta":[],"_links":{"self":[{"href":"https:\/\/metamediatraining.com\/SafetySmartV2\/wp-json\/wp\/v2\/pages\/3887"}],"collection":[{"href":"https:\/\/metamediatraining.com\/SafetySmartV2\/wp-json\/wp\/v2\/pages"}],"about":[{"href":"https:\/\/metamediatraining.com\/SafetySmartV2\/wp-json\/wp\/v2\/types\/page"}],"author":[{"embeddable":true,"href":"https:\/\/metamediatraining.com\/SafetySmartV2\/wp-json\/wp\/v2\/users\/6"}],"replies":[{"embeddable":true,"href":"https:\/\/metamediatraining.com\/SafetySmartV2\/wp-json\/wp\/v2\/comments?post=3887"}],"version-history":[{"count":29,"href":"https:\/\/metamediatraining.com\/SafetySmartV2\/wp-json\/wp\/v2\/pages\/3887\/revisions"}],"predecessor-version":[{"id":4279,"href":"https:\/\/metamediatraining.com\/SafetySmartV2\/wp-json\/wp\/v2\/pages\/3887\/revisions\/4279"}],"up":[{"embeddable":true,"href":"https:\/\/metamediatraining.com\/SafetySmartV2\/wp-json\/wp\/v2\/pages\/3880"}],"wp:attachment":[{"href":"https:\/\/metamediatraining.com\/SafetySmartV2\/wp-json\/wp\/v2\/media?parent=3887"}],"curies":[{"name":"wp","href":"https:\/\/api.w.org\/{rel}","templated":true}]}}