{"id":3885,"date":"2020-08-05T20:09:31","date_gmt":"2020-08-05T20:09:31","guid":{"rendered":"https:\/\/stopconstructionfalls.com\/?page_id=3885"},"modified":"2022-03-09T14:53:01","modified_gmt":"2022-03-09T14:53:01","slug":"paso-3-capacitar-video","status":"publish","type":"page","link":"https:\/\/metamediatraining.com\/SafetySmartV2\/planificar-proporcionar-capacitar\/paro-3-capacitar\/paso-3-capacitar-video\/","title":{"rendered":"Paso 3: Capacitar &#8211; Video"},"content":{"rendered":"<p style=\"text-align: center;\"><strong><img decoding=\"async\" loading=\"lazy\" class=\"alignnone wp-image-3551 alignleft\" src=\"https:\/\/metamediatraining.com\/SafetySmartV2\/wp-content\/uploads\/2020\/01\/Picture2.png\" alt=\"\" width=\"87\" height=\"62\" \/><\/strong><img decoding=\"async\" loading=\"lazy\" class=\" wp-image-4249 alignleft\" src=\"https:\/\/metamediatraining.com\/SafetySmartV2\/wp-content\/uploads\/2020\/08\/Preventing-Falls-Logo-Spanish-1024x191.jpg\" alt=\"\" width=\"410\" height=\"76\" srcset=\"https:\/\/metamediatraining.com\/SafetySmartV2\/wp-content\/uploads\/2020\/08\/Preventing-Falls-Logo-Spanish-1024x191.jpg 1024w, https:\/\/metamediatraining.com\/SafetySmartV2\/wp-content\/uploads\/2020\/08\/Preventing-Falls-Logo-Spanish-300x56.jpg 300w, https:\/\/metamediatraining.com\/SafetySmartV2\/wp-content\/uploads\/2020\/08\/Preventing-Falls-Logo-Spanish-768x143.jpg 768w, https:\/\/metamediatraining.com\/SafetySmartV2\/wp-content\/uploads\/2020\/08\/Preventing-Falls-Logo-Spanish-220x41.jpg 220w, https:\/\/metamediatraining.com\/SafetySmartV2\/wp-content\/uploads\/2020\/08\/Preventing-Falls-Logo-Spanish-187x35.jpg 187w, https:\/\/metamediatraining.com\/SafetySmartV2\/wp-content\/uploads\/2020\/08\/Preventing-Falls-Logo-Spanish-453x85.jpg 453w\" sizes=\"(max-width: 410px) 100vw, 410px\" \/><\/p>\n<p style=\"text-align: center;\">\r\n\t\t\t<div class='et-tabs-container et_sliderfx_slide et_sliderauto_false et_sliderauto_speed_5000 et_slidertype_top_tabs'>\r\n\t\t\t\t<ul class='et-tabs-control'>\r\n\t\t\t<li><a href='#'>\r\n\t\t\t\r\n\t\t<\/a><\/li>\r\n\t\t<\/ul> <!-- .et-tabs-control --> \r\n\t\t<div class='et-tabs-content'>\r\n\t\t\t<div class='et-tabs-content-main-wrap'>\r\n\t\t\t\t<div class='et-tabs-content-wrapper'>\r\n\t\t\t\t\t<div class='et_slidecontent'>\r\n\t\t\t<span style=\"color: #000000;\"><strong><a style=\"color: #000000;\" href=\"https:\/\/metamediatraining.com\/SafetySmartV2\/planificar-proporcionar-capacitar\/\"><b>P\u00e1gina de inicio<\/b><\/a>\u00a0 \u00a0 \u00a0\u00a0<a style=\"color: #000000;\" href=\"https:\/\/metamediatraining.com\/SafetySmartV2\/planificar-proporcionar-capacitar\/paso-1-planificar\/\">Planificar<\/a>\u00a0 \u00a0 \u00a0<a style=\"color: #000000;\" href=\"https:\/\/metamediatraining.com\/SafetySmartV2\/planificar-proporcionar-capacitar\/paso-2-proporcionar\/\">Proporcionar<\/a>\u00a0 \u00a0 \u00a0<a style=\"color: #000000;\" href=\"https:\/\/metamediatraining.com\/SafetySmartV2\/planificar-proporcionar-capacitar\/paro-3-capacitar\/\">Capacitar<\/a><\/strong><\/span>\u00a0 \u00a0 \u00a0<a style=\"color: #000000;\" href=\"https:\/\/metamediatraining.com\/SafetySmartV2\/plan-provide-train\/\"><strong>English<\/strong><\/a>\u00a0 \u00a0\r\n\t\t<\/div>\r\n\t\t\t\t<\/div>\r\n\t\t\t<\/div>\r\n\t\t<\/div>\r\n\t\t\t<\/div> <!-- .et-tabs-container --><\/p>\n<h1><span style=\"color: #000000;\">Paso 3: Capacitar &#8211; Video<\/span><\/h1>\n<p>&nbsp;<\/p>\n<h3><b><span style=\"color: #000000;\">Videos<\/span> <span style=\"font-weight: 400; color: #000000;\">\u2013 <\/span><\/b><span style=\"color: #000000;\">para ver o compartir con sus empleados y as\u00ed aprender sobre la prevenci\u00f3n de ca\u00eddas.<\/span><\/h3>\n<p>&nbsp;<\/p>\n<h3><span style=\"color: #000000;\">Videos en\u00a0espa\u00f1ol<\/span><\/h3>\n<table width=\"726\">\n<tbody>\n<tr>\n<td width=\"726\"><a style=\"color: #3366ff;\" href=\"https:\/\/www.youtube.com\/watch?v=iavcnMkwQAs\" target=\"_blank\" rel=\"noopener\"><span style=\"color: #0000ff;\"><strong><span style=\"color: #3366ff;\">La seguridad paga, las ca\u00eddas cuestan.<\/span><\/strong><\/span><\/a>\u00a0<span style=\"color: #000000;\">Escuche la histroia de un techador en la industria de la construcci\u00f3n residencial y sus razones sobre la importancia de usar protecci\u00f3n contra las ca\u00eddas. (Solo en espa\u00f1ol)<\/span><\/td>\n<\/tr>\n<tr>\n<td width=\"726\"><strong><a style=\"color: #3366ff;\" href=\"https:\/\/www.youtube.com\/watch?v=PDpvlIDhdzI\" target=\"_blank\" rel=\"noopener\">Pr\u00e1cticas de seguridad para el uso de escaleras en trabajos de techado\u00a0<\/a><span style=\"color: #3366ff;\">(<a href=\"https:\/\/www.youtube.com\/watch?v=Et9aeMdosms&amp;t=2s\"><span style=\"color: #3366ff;\">ingl\u00e9s<\/span><\/a>)<\/span><\/strong><\/td>\n<\/tr>\n<tr>\n<td width=\"726\"><strong><a style=\"color: #3366ff;\" href=\"http:\/\/www.youtube.com\/watch?v=wiD1KTCBNX0&amp;feature=share&amp;list=PL43A44D61109073BC\" target=\"_blank\" rel=\"noopener\">Prevenci\u00f3n de ca\u00eddas Claraboyas<\/a>\u00a0\u00a0<a href=\"http:\/\/www.youtube.com\/watch?v=I_8cymt7wlk&amp;feature=share&amp;list=PL43A44D61109073BC\" target=\"_blank\" rel=\"noopener\"><span style=\"color: #3366ff;\">(ingl\u00e9s)<\/span><\/a><\/strong><\/td>\n<\/tr>\n<\/tbody>\n<\/table>\n<h3><span style=\"color: #000000;\">Videos en ingles<\/span><\/h3>\n<table style=\"height: 165px;\" width=\"725\">\n<tbody>\n<tr>\n<td width=\"726\"><strong><a style=\"color: #3366ff;\" href=\"https:\/\/youtu.be\/IQtzDKulwug\" target=\"_blank\" rel=\"noopener\">Socios en seguridad: perspectiva de seguros y peque\u00f1as empresas<\/a><\/strong><\/td>\n<\/tr>\n<tr>\n<td width=\"726\"><strong><a style=\"color: #3366ff;\" href=\"https:\/\/www.youtube.com\/watch?v=b2FTahjnDFY\" target=\"_blank\" rel=\"noopener\">La seguridad paga. Las ca\u00eddas cuestan.<\/a><\/strong>\u00a0<span style=\"color: #000000;\">Escuche c\u00f3mo el propietario de esta empresa de estructuraci\u00f3n residencial dise\u00f1a la seguridad en cada uno de sus lugares de trabajo.\u00a0<\/span><\/td>\n<\/tr>\n<tr>\n<td width=\"726\"><strong><a style=\"color: #3366ff;\" href=\"http:\/\/www.youtube.com\/watch?v=XXit0ziMIAA\" target=\"_blank\" rel=\"noopener\">Una tarea simple: ca\u00edda mortal de la escalera<\/a><\/strong><\/td>\n<\/tr>\n<tr>\n<td width=\"726\"><span style=\"color: #0000ff;\"><strong><a style=\"color: #3366ff;\" href=\"https:\/\/metamediatraining.com\/SafetySmartV2\/?page_id=15\" target=\"_blank\" rel=\"noopener\">Video del CPWR \u201cDon\u2019t Fall For It\u201d (Cuidado caes por eso)<\/a><\/strong><\/span><\/td>\n<\/tr>\n<tr>\n<td width=\"726\"><a style=\"color: #3366ff;\" href=\"https:\/\/www.osha.gov\/dts\/vtools\/construction.html\" target=\"_blank\" rel=\"noopener\"><span style=\"color: #0000ff;\"><strong><span style=\"color: #3366ff;\">Videos de prevenci\u00f3n de ca\u00eddas de OSHA (v-Tools)<\/span><\/strong><\/span><\/a><\/td>\n<\/tr>\n<\/tbody>\n<\/table>\n<p><span style=\"color: #000000;\">Obtenga m\u00e1s informaci\u00f3n sobre la capacitaci\u00f3n en prevenci\u00f3n de ca\u00eddas. Vea nuestras<\/span>\u00a0<span style=\"color: #3366ff;\"><strong><a style=\"color: #3366ff;\" href=\"https:\/\/metamediatraining.com\/SafetySmartV2\/planificar-proporcionar-capacitar\/paro-3-capacitar\/paso-3-capacitar-reuniones-prearatorias-sobre-la-seguridad-en-el-trabajo\/\" target=\"_blank\" rel=\"noopener\">Reuniones enfocadas en la seguridad en el trabajo<\/a><\/strong>\u00a0<\/span><span style=\"color: #000000;\">y<\/span>\u00a0<span style=\"color: #3366ff;\"><strong><a style=\"color: #3366ff;\" href=\"https:\/\/metamediatraining.com\/SafetySmartV2\/planificar-proporcionar-capacitar\/paro-3-capacitar\/paso-3-capacitar-alertas-de-riesgo\/\" target=\"_blank\" rel=\"noopener\">Las tarjetas de alertas de peligro<\/a><\/strong><\/span>.<\/p>\n","protected":false},"excerpt":{"rendered":"<p>Paso 3: Capacitar &#8211; Video &nbsp; Videos \u2013 para ver o compartir con sus empleados y as\u00ed aprender sobre la prevenci\u00f3n de ca\u00eddas. &nbsp; Videos en\u00a0espa\u00f1ol La seguridad paga, las ca\u00eddas cuestan.\u00a0Escuche la histroia de un techador en la industria de la construcci\u00f3n residencial y sus razones sobre la importancia de usar protecci\u00f3n contra las [&hellip;]<\/p>\n","protected":false},"author":6,"featured_media":0,"parent":3880,"menu_order":0,"comment_status":"closed","ping_status":"closed","template":"page-full.php","meta":[],"_links":{"self":[{"href":"https:\/\/metamediatraining.com\/SafetySmartV2\/wp-json\/wp\/v2\/pages\/3885"}],"collection":[{"href":"https:\/\/metamediatraining.com\/SafetySmartV2\/wp-json\/wp\/v2\/pages"}],"about":[{"href":"https:\/\/metamediatraining.com\/SafetySmartV2\/wp-json\/wp\/v2\/types\/page"}],"author":[{"embeddable":true,"href":"https:\/\/metamediatraining.com\/SafetySmartV2\/wp-json\/wp\/v2\/users\/6"}],"replies":[{"embeddable":true,"href":"https:\/\/metamediatraining.com\/SafetySmartV2\/wp-json\/wp\/v2\/comments?post=3885"}],"version-history":[{"count":33,"href":"https:\/\/metamediatraining.com\/SafetySmartV2\/wp-json\/wp\/v2\/pages\/3885\/revisions"}],"predecessor-version":[{"id":4931,"href":"https:\/\/metamediatraining.com\/SafetySmartV2\/wp-json\/wp\/v2\/pages\/3885\/revisions\/4931"}],"up":[{"embeddable":true,"href":"https:\/\/metamediatraining.com\/SafetySmartV2\/wp-json\/wp\/v2\/pages\/3880"}],"wp:attachment":[{"href":"https:\/\/metamediatraining.com\/SafetySmartV2\/wp-json\/wp\/v2\/media?parent=3885"}],"curies":[{"name":"wp","href":"https:\/\/api.w.org\/{rel}","templated":true}]}}