{"id":3880,"date":"2020-08-05T19:47:30","date_gmt":"2020-08-05T19:47:30","guid":{"rendered":"https:\/\/stopconstructionfalls.com\/?page_id=3880"},"modified":"2022-03-09T14:46:03","modified_gmt":"2022-03-09T14:46:03","slug":"paro-3-capacitar","status":"publish","type":"page","link":"https:\/\/metamediatraining.com\/SafetySmartV2\/planificar-proporcionar-capacitar\/paro-3-capacitar\/","title":{"rendered":"Paso 3: Capacitar"},"content":{"rendered":"<p style=\"text-align: center;\"><strong><img decoding=\"async\" loading=\"lazy\" class=\"alignnone wp-image-3551 alignleft\" src=\"https:\/\/metamediatraining.com\/SafetySmartV2\/wp-content\/uploads\/2020\/01\/Picture2.png\" alt=\"\" width=\"87\" height=\"62\" \/><\/strong><img decoding=\"async\" loading=\"lazy\" class=\" wp-image-4249 alignleft\" src=\"https:\/\/metamediatraining.com\/SafetySmartV2\/wp-content\/uploads\/2020\/08\/Preventing-Falls-Logo-Spanish-1024x191.jpg\" alt=\"\" width=\"410\" height=\"76\" srcset=\"https:\/\/metamediatraining.com\/SafetySmartV2\/wp-content\/uploads\/2020\/08\/Preventing-Falls-Logo-Spanish-1024x191.jpg 1024w, https:\/\/metamediatraining.com\/SafetySmartV2\/wp-content\/uploads\/2020\/08\/Preventing-Falls-Logo-Spanish-300x56.jpg 300w, https:\/\/metamediatraining.com\/SafetySmartV2\/wp-content\/uploads\/2020\/08\/Preventing-Falls-Logo-Spanish-768x143.jpg 768w, https:\/\/metamediatraining.com\/SafetySmartV2\/wp-content\/uploads\/2020\/08\/Preventing-Falls-Logo-Spanish-220x41.jpg 220w, https:\/\/metamediatraining.com\/SafetySmartV2\/wp-content\/uploads\/2020\/08\/Preventing-Falls-Logo-Spanish-187x35.jpg 187w, https:\/\/metamediatraining.com\/SafetySmartV2\/wp-content\/uploads\/2020\/08\/Preventing-Falls-Logo-Spanish-453x85.jpg 453w\" sizes=\"(max-width: 410px) 100vw, 410px\" \/><\/p>\n<p style=\"text-align: center;\">\r\n\t\t\t<div class='et-tabs-container et_sliderfx_slide et_sliderauto_false et_sliderauto_speed_5000 et_slidertype_top_tabs'>\r\n\t\t\t\t<ul class='et-tabs-control'>\r\n\t\t\t<li><a href='#'>\r\n\t\t\t\r\n\t\t<\/a><\/li>\r\n\t\t<\/ul> <!-- .et-tabs-control --> \r\n\t\t<div class='et-tabs-content'>\r\n\t\t\t<div class='et-tabs-content-main-wrap'>\r\n\t\t\t\t<div class='et-tabs-content-wrapper'>\r\n\t\t\t\t\t<div class='et_slidecontent'>\r\n\t\t\t<span style=\"color: #000000;\"><strong><a style=\"color: #000000;\" href=\"https:\/\/metamediatraining.com\/SafetySmartV2\/planificar-proporcionar-capacitar\/\"><b>P\u00e1gina de inicio<\/b><\/a>\u00a0 \u00a0 \u00a0\u00a0<a style=\"color: #000000;\" href=\"https:\/\/metamediatraining.com\/SafetySmartV2\/planificar-proporcionar-capacitar\/paso-1-planificar\/\">Planificar<\/a>\u00a0 \u00a0 \u00a0<a style=\"color: #000000;\" href=\"https:\/\/metamediatraining.com\/SafetySmartV2\/planificar-proporcionar-capacitar\/paso-2-proporcionar\/\">Proporcionar<\/a>\u00a0 \u00a0 \u00a0<a style=\"color: #000000;\" href=\"https:\/\/metamediatraining.com\/SafetySmartV2\/planificar-proporcionar-capacitar\/paro-3-capacitar\/\">Capacitar<\/a><\/strong><\/span>\u00a0 \u00a0 \u00a0<a style=\"color: #000000;\" href=\"https:\/\/metamediatraining.com\/SafetySmartV2\/plan-provide-train\/\"><strong>English<\/strong><\/a>\u00a0 \u00a0\r\n\t\t<\/div>\r\n\t\t\t\t<\/div>\r\n\t\t\t<\/div>\r\n\t\t<\/div>\r\n\t\t\t<\/div> <!-- .et-tabs-container --><\/p>\n<h1><strong><span style=\"color: #000000;\">Paso 3: Capacitar<br \/>\n<\/span><\/strong><\/h1>\n<p>&nbsp;<\/p>\n<h3><span style=\"font-weight: 400; color: #000000;\">Empleadores deben capacitar a sus empleados sobre el uso de protecci\u00f3n contra las ca\u00eddas y c\u00f3mo prevenirlas. Los siguientes recursos pueden se \u00fatiles:<\/span><\/h3>\n<p>&nbsp;<\/p>\n<p style=\"padding-left: 60px;\"><span style=\"color: #3366ff;\"><strong><a style=\"color: #3366ff;\" href=\"https:\/\/metamediatraining.com\/SafetySmartV2\/planificar-proporcionar-capacitar\/paro-3-capacitar\/paso-3-capacitar-video\/\" target=\"_blank\" rel=\"noopener\">&#8211; Videos<\/a><\/strong><\/span><span style=\"font-weight: 400; color: #000000;\"> para aprender viendo desde cualquier lado.<\/span><\/p>\n<p style=\"padding-left: 60px;\"><span style=\"color: #3366ff;\"><strong><a style=\"color: #3366ff;\" href=\"https:\/\/metamediatraining.com\/SafetySmartV2\/planificar-proporcionar-capacitar\/paro-3-capacitar\/paso-3-capacitar-reuniones-prearatorias-sobre-la-seguridad-en-el-trabajo\/\" target=\"_blank\" rel=\"noopener\">&#8211; Reuniones enfocadas de seguridad en el trabajo.<\/a><\/strong><\/span><span style=\"font-weight: 400; color: #000000;\">\u00a0Aproveche esta oportunidad y hable con sus empleados sobre la seguridad.<\/span><\/p>\n<p style=\"padding-left: 60px;\"><span style=\"color: #3366ff;\"><strong><a style=\"color: #3366ff;\" href=\"https:\/\/metamediatraining.com\/SafetySmartV2\/planificar-proporcionar-capacitar\/paro-3-capacitar\/paso-3-capacitar-alertas-de-riesgo\/\" target=\"_blank\" rel=\"noopener\">&#8211; Tarjetas de alerta de riesgo<\/a><\/strong><\/span><span style=\"font-weight: 400; color: #000000;\">\u00a0para entregarlas a sus empleados como recordatorio de pr\u00e1cticas seguras que ya han repasado.<\/span><\/p>\n<p>&nbsp;<\/p>\n","protected":false},"excerpt":{"rendered":"<p>Paso 3: Capacitar &nbsp; Empleadores deben capacitar a sus empleados sobre el uso de protecci\u00f3n contra las ca\u00eddas y c\u00f3mo prevenirlas. Los siguientes recursos pueden se \u00fatiles: &nbsp; &#8211; Videos para aprender viendo desde cualquier lado. &#8211; Reuniones enfocadas de seguridad en el trabajo.\u00a0Aproveche esta oportunidad y hable con sus empleados sobre la seguridad. &#8211; [&hellip;]<\/p>\n","protected":false},"author":6,"featured_media":0,"parent":3817,"menu_order":0,"comment_status":"closed","ping_status":"closed","template":"page-full.php","meta":[],"_links":{"self":[{"href":"https:\/\/metamediatraining.com\/SafetySmartV2\/wp-json\/wp\/v2\/pages\/3880"}],"collection":[{"href":"https:\/\/metamediatraining.com\/SafetySmartV2\/wp-json\/wp\/v2\/pages"}],"about":[{"href":"https:\/\/metamediatraining.com\/SafetySmartV2\/wp-json\/wp\/v2\/types\/page"}],"author":[{"embeddable":true,"href":"https:\/\/metamediatraining.com\/SafetySmartV2\/wp-json\/wp\/v2\/users\/6"}],"replies":[{"embeddable":true,"href":"https:\/\/metamediatraining.com\/SafetySmartV2\/wp-json\/wp\/v2\/comments?post=3880"}],"version-history":[{"count":24,"href":"https:\/\/metamediatraining.com\/SafetySmartV2\/wp-json\/wp\/v2\/pages\/3880\/revisions"}],"predecessor-version":[{"id":4930,"href":"https:\/\/metamediatraining.com\/SafetySmartV2\/wp-json\/wp\/v2\/pages\/3880\/revisions\/4930"}],"up":[{"embeddable":true,"href":"https:\/\/metamediatraining.com\/SafetySmartV2\/wp-json\/wp\/v2\/pages\/3817"}],"wp:attachment":[{"href":"https:\/\/metamediatraining.com\/SafetySmartV2\/wp-json\/wp\/v2\/media?parent=3880"}],"curies":[{"name":"wp","href":"https:\/\/api.w.org\/{rel}","templated":true}]}}