{"id":3817,"date":"2020-07-29T19:36:35","date_gmt":"2020-07-29T19:36:35","guid":{"rendered":"https:\/\/stopconstructionfalls.com\/?page_id=3817"},"modified":"2023-05-17T15:20:46","modified_gmt":"2023-05-17T15:20:46","slug":"planificar-proporcionar-capacitar","status":"publish","type":"page","link":"https:\/\/metamediatraining.com\/SafetySmartV2\/planificar-proporcionar-capacitar\/","title":{"rendered":"Planificar. Proporcionar. Capacitar."},"content":{"rendered":"<p style=\"text-align: center;\"><strong><img decoding=\"async\" loading=\"lazy\" class=\"alignnone wp-image-3551 alignleft\" src=\"https:\/\/metamediatraining.com\/SafetySmartV2\/wp-content\/uploads\/2020\/01\/Picture2.png\" alt=\"\" width=\"87\" height=\"62\" \/><\/strong><img decoding=\"async\" loading=\"lazy\" class=\" wp-image-4249 alignleft\" src=\"https:\/\/metamediatraining.com\/SafetySmartV2\/wp-content\/uploads\/2020\/08\/Preventing-Falls-Logo-Spanish-1024x191.jpg\" alt=\"\" width=\"410\" height=\"76\" srcset=\"https:\/\/metamediatraining.com\/SafetySmartV2\/wp-content\/uploads\/2020\/08\/Preventing-Falls-Logo-Spanish-1024x191.jpg 1024w, https:\/\/metamediatraining.com\/SafetySmartV2\/wp-content\/uploads\/2020\/08\/Preventing-Falls-Logo-Spanish-300x56.jpg 300w, https:\/\/metamediatraining.com\/SafetySmartV2\/wp-content\/uploads\/2020\/08\/Preventing-Falls-Logo-Spanish-768x143.jpg 768w, https:\/\/metamediatraining.com\/SafetySmartV2\/wp-content\/uploads\/2020\/08\/Preventing-Falls-Logo-Spanish-220x41.jpg 220w, https:\/\/metamediatraining.com\/SafetySmartV2\/wp-content\/uploads\/2020\/08\/Preventing-Falls-Logo-Spanish-187x35.jpg 187w, https:\/\/metamediatraining.com\/SafetySmartV2\/wp-content\/uploads\/2020\/08\/Preventing-Falls-Logo-Spanish-453x85.jpg 453w\" sizes=\"(max-width: 410px) 100vw, 410px\" \/><\/p>\n<p style=\"text-align: center;\">\r\n\t\t\t<div class='et-tabs-container et_sliderfx_slide et_sliderauto_false et_sliderauto_speed_5000 et_slidertype_top_tabs'>\r\n\t\t\t\t<ul class='et-tabs-control'>\r\n\t\t\t<li><a href='#'>\r\n\t\t\t\r\n\t\t<\/a><\/li>\r\n\t\t<\/ul> <!-- .et-tabs-control --> \r\n\t\t<div class='et-tabs-content'>\r\n\t\t\t<div class='et-tabs-content-main-wrap'>\r\n\t\t\t\t<div class='et-tabs-content-wrapper'>\r\n\t\t\t\t\t<div class='et_slidecontent'>\r\n\t\t\t<span style=\"color: #000000;\"><strong><a style=\"color: #000000;\" href=\"https:\/\/metamediatraining.com\/SafetySmartV2\/planificar-proporcionar-capacitar\/\"><b>P\u00e1gina de inicio<\/b><\/a>\u00a0 \u00a0 \u00a0\u00a0<a style=\"color: #000000;\" href=\"https:\/\/metamediatraining.com\/SafetySmartV2\/planificar-proporcionar-capacitar\/paso-1-planificar\/\">Planificar<\/a>\u00a0 \u00a0 \u00a0<a style=\"color: #000000;\" href=\"https:\/\/metamediatraining.com\/SafetySmartV2\/planificar-proporcionar-capacitar\/paso-2-proporcionar\/\">Proporcionar<\/a>\u00a0 \u00a0 \u00a0<a style=\"color: #000000;\" href=\"https:\/\/metamediatraining.com\/SafetySmartV2\/planificar-proporcionar-capacitar\/paro-3-capacitar\/\">Capacitar<\/a><\/strong><\/span>\u00a0 \u00a0 \u00a0<a style=\"color: #000000;\" href=\"https:\/\/metamediatraining.com\/SafetySmartV2\/plan-provide-train\/\"><strong>English<\/strong><\/a>\u00a0 \u00a0\r\n\t\t<\/div>\r\n\t\t\t\t<\/div>\r\n\t\t\t<\/div>\r\n\t\t<\/div>\r\n\t\t\t<\/div> <!-- .et-tabs-container --><\/p>\n<p>&nbsp;<\/p>\n<h3 style=\"text-align: left;\"><span style=\"color: #000000;\"><strong>Ahorrele tiempo y dinero a su empresa EVITANDO CA\u00cdDAS<\/strong><\/span><\/h3>\n<p>&nbsp;<\/p>\n<h3><span style=\"font-weight: 400; color: #000000;\">Haga clic en los <strong>siguientes enlaces<\/strong>\u00a0para encontrar herramientas y materiales gratuitas:<\/span><\/h3>\n<p>&nbsp;<\/p>\n<ol>\n<li style=\"text-align: left;\"><a href=\"https:\/\/metamediatraining.com\/SafetySmartV2\/planificar-proporcionar-capacitar\/paso-1-planificar\/\" target=\"_blank\" rel=\"noopener\"><strong><span style=\"color: #3366ff;\">Planifique<\/span><\/strong><\/a>\u00a0<span style=\"color: #000000;\"><span style=\"color: #000000;\"><span style=\"color: #000000;\"><span style=\"color: #000000;\"><span style=\"color: #000000;\"><span style=\"color: #000000;\"><span style=\"color: #000000;\"><span style=\"color: #000000;\"><span style=\"color: #000000;\">antes de empezar un proyecto para evitar ca\u00eddas en el trabajo.<\/span><\/span><\/span><\/span><\/span><\/span><\/span><\/span><\/span><\/li>\n<li style=\"text-align: left;\"><a href=\"https:\/\/metamediatraining.com\/SafetySmartV2\/planificar-proporcionar-capacitar\/paso-2-proporcionar\/\" target=\"_blank\" rel=\"noopener\"><strong><span style=\"color: #3366ff;\">Proporcione<\/span><\/strong><\/a> <span style=\"color: #000000;\"><span style=\"color: #000000;\"><span style=\"color: #000000;\"><span style=\"color: #000000;\"><span style=\"color: #000000;\"><span style=\"color: #000000;\"><span style=\"color: #000000;\"><span style=\"color: #000000;\"><span style=\"color: #000000;\">las herramientas adecuadas y el equipo de seguridad necesario para el trabajo.<\/span><\/span><\/span><\/span><\/span><\/span><\/span><\/span><\/span><\/li>\n<li style=\"text-align: left;\"><a href=\"https:\/\/metamediatraining.com\/SafetySmartV2\/planificar-proporcionar-capacitar\/paro-3-capacitar\/\" target=\"_blank\" rel=\"noopener\"><strong><span style=\"color: #3366ff;\">Capacite<\/span><\/strong><\/a> <span style=\"color: #000000;\"><span style=\"color: #000000;\"><span style=\"color: #000000;\"><span style=\"color: #000000;\"><span style=\"color: #000000;\"><span style=\"color: #000000;\"><span style=\"color: #000000;\"><span style=\"color: #000000;\"><span style=\"color: #000000;\">a sus empleados sobre c\u00f3mo utilizar el equipo de seguridad y revise las pr\u00e1cticas laborales para evitar ca\u00eddas. Lo puede hacer a\u00a0trav\u00e9s de:<\/span><\/span><\/span><\/span><\/span><\/span><\/span><\/span><\/span>\n<ul>\n<li style=\"text-align: left;\"><a href=\"https:\/\/metamediatraining.com\/SafetySmartV2\/planificar-proporcionar-capacitar\/paro-3-capacitar\/paso-3-capacitar-video\/\" target=\"_blank\" rel=\"noopener\"><strong><span style=\"color: #00ccff;\"><span style=\"color: #3366ff;\">Videos<\/span><\/span><\/strong><\/a> <span style=\"color: #000000;\"><span style=\"color: #000000;\"><span style=\"color: #000000;\"><span style=\"color: #000000;\"><span style=\"color: #000000;\"><span style=\"color: #000000;\"><span style=\"color: #000000;\"> para aprender viendo desde cualquier lado.<\/span><\/span><\/span><\/span><\/span><\/span><\/span><\/li>\n<li style=\"text-align: left;\"><a href=\"https:\/\/metamediatraining.com\/SafetySmartV2\/planificar-proporcionar-capacitar\/paro-3-capacitar\/paso-3-capacitar-reuniones-prearatorias-sobre-la-seguridad-en-el-trabajo\/\" target=\"_blank\" rel=\"noopener\"><strong><span style=\"color: #00ccff;\"><span style=\"color: #3366ff;\">Reuniones enfocadas en la seguridad en el trabajo<\/span><\/span><\/strong><\/a>.\u00a0<span style=\"color: #000000;\"><span style=\"color: #000000;\"><span style=\"color: #000000;\">\u00a0Aproveche esta oportunidad y hable con sus empleados sobre la seguridad.<\/span><\/span><\/span><\/li>\n<li style=\"text-align: left;\"><a href=\"https:\/\/metamediatraining.com\/SafetySmartV2\/planificar-proporcionar-capacitar\/paro-3-capacitar\/paso-3-capacitar-alertas-de-riesgo\/\" target=\"_blank\" rel=\"noopener\"><strong><span style=\"color: #00ccff;\"><span style=\"color: #3366ff;\">Tarjetas de alerta de riesgo<\/span><\/span><\/strong><\/a><span style=\"color: #000000;\"><span style=\"color: #000000;\"><span style=\"color: #000000;\"><span style=\"color: #000000;\">\u00a0para darle a sus empleados como recordatorios de pr\u00e1cticas seguras que ya han repasado.<\/span><\/span><\/span><\/span><\/li>\n<\/ul>\n<\/li>\n<\/ol>\n<p>&nbsp;<\/p>\n<p><strong><img decoding=\"async\" loading=\"lazy\" class=\"size-medium wp-image-5799 alignright\" src=\"https:\/\/metamediatraining.com\/SafetySmartV2\/wp-content\/uploads\/2023\/05\/Preventing-Falls-Postcard_Spanish-300x214.jpg\" alt=\"\" width=\"300\" height=\"214\" srcset=\"https:\/\/metamediatraining.com\/SafetySmartV2\/wp-content\/uploads\/2023\/05\/Preventing-Falls-Postcard_Spanish-300x214.jpg 300w, https:\/\/metamediatraining.com\/SafetySmartV2\/wp-content\/uploads\/2023\/05\/Preventing-Falls-Postcard_Spanish-768x548.jpg 768w, https:\/\/metamediatraining.com\/SafetySmartV2\/wp-content\/uploads\/2023\/05\/Preventing-Falls-Postcard_Spanish-220x157.jpg 220w, https:\/\/metamediatraining.com\/SafetySmartV2\/wp-content\/uploads\/2023\/05\/Preventing-Falls-Postcard_Spanish-187x133.jpg 187w, https:\/\/metamediatraining.com\/SafetySmartV2\/wp-content\/uploads\/2023\/05\/Preventing-Falls-Postcard_Spanish-453x323.jpg 453w, https:\/\/metamediatraining.com\/SafetySmartV2\/wp-content\/uploads\/2023\/05\/Preventing-Falls-Postcard_Spanish.jpg 1024w\" sizes=\"(max-width: 300px) 100vw, 300px\" \/><span style=\"color: #000000;\">Tarjeta Postal: AHORRE Tiempo Y Dinero<\/span><\/strong><\/p>\n<p><span style=\"color: #3366ff;\"><strong><a style=\"color: #3366ff;\" href=\"https:\/\/metamediatraining.com\/SafetySmartV2\/wp-content\/uploads\/2023\/05\/Preventing-Falls-Post-Card-5x7-final-English-and-Spanish-2023.pdf\" target=\"_blank\" rel=\"noopener\">La tarjeta postal de CPWR, &#8220;AHORRE tiempo y dinero&#8221;<\/a><\/strong><\/span><span style=\"color: #000000;\">, se puede utilizar para animar a otros a visitar este sitio web y planificar\/proveer\/capacitar para prevenir ca\u00eddas en la construcci\u00f3n. Distribuye las tarjetas postales en oficinas de permisos de construcci\u00f3n, tiendas de ferreter\u00eda locales y otros lugares frecuentados por peque\u00f1os contratistas para brindarles acceso a informaci\u00f3n de la que pueden no estar al tanto y que puede ayudar a proteger a sus empleados.<\/span><\/p>\n<p><span style=\"color: #000000;\">Como ver\u00e1s, la tarjeta postal est\u00e1 en ingl\u00e9s y espa\u00f1ol. La URL y los c\u00f3digos QR enlazan con recursos en l\u00ednea que contienen informaci\u00f3n que los contratistas pueden utilizar de inmediato para planificar c\u00f3mo prevenir las ca\u00eddas, identificar los tipos correctos de equipos de seguridad y pr\u00e1cticas a seguir, y encontrar materiales de f\u00e1cil uso, como charlas informativas, para capacitar a sus empleados.<\/span><\/p>\n","protected":false},"excerpt":{"rendered":"<p>&nbsp; Ahorrele tiempo y dinero a su empresa EVITANDO CA\u00cdDAS &nbsp; Haga clic en los siguientes enlaces\u00a0para encontrar herramientas y materiales gratuitas: &nbsp; Planifique\u00a0antes de empezar un proyecto para evitar ca\u00eddas en el trabajo. Proporcione las herramientas adecuadas y el equipo de seguridad necesario para el trabajo. Capacite a sus empleados sobre c\u00f3mo utilizar el [&hellip;]<\/p>\n","protected":false},"author":6,"featured_media":0,"parent":0,"menu_order":0,"comment_status":"closed","ping_status":"closed","template":"page-full.php","meta":[],"_links":{"self":[{"href":"https:\/\/metamediatraining.com\/SafetySmartV2\/wp-json\/wp\/v2\/pages\/3817"}],"collection":[{"href":"https:\/\/metamediatraining.com\/SafetySmartV2\/wp-json\/wp\/v2\/pages"}],"about":[{"href":"https:\/\/metamediatraining.com\/SafetySmartV2\/wp-json\/wp\/v2\/types\/page"}],"author":[{"embeddable":true,"href":"https:\/\/metamediatraining.com\/SafetySmartV2\/wp-json\/wp\/v2\/users\/6"}],"replies":[{"embeddable":true,"href":"https:\/\/metamediatraining.com\/SafetySmartV2\/wp-json\/wp\/v2\/comments?post=3817"}],"version-history":[{"count":49,"href":"https:\/\/metamediatraining.com\/SafetySmartV2\/wp-json\/wp\/v2\/pages\/3817\/revisions"}],"predecessor-version":[{"id":5802,"href":"https:\/\/metamediatraining.com\/SafetySmartV2\/wp-json\/wp\/v2\/pages\/3817\/revisions\/5802"}],"wp:attachment":[{"href":"https:\/\/metamediatraining.com\/SafetySmartV2\/wp-json\/wp\/v2\/media?parent=3817"}],"curies":[{"name":"wp","href":"https:\/\/api.w.org\/{rel}","templated":true}]}}