{"id":3716,"date":"2020-03-10T14:32:20","date_gmt":"2020-03-10T14:32:20","guid":{"rendered":"https:\/\/stopconstructionfalls.com\/?page_id=3716"},"modified":"2023-10-12T18:12:40","modified_gmt":"2023-10-12T18:12:40","slug":"on-demand-webinars","status":"publish","type":"page","link":"https:\/\/metamediatraining.com\/SafetySmartV2\/training-and-other-resources\/on-demand-webinars\/","title":{"rendered":"Videos and Webinars"},"content":{"rendered":"<h3><\/h3>\n<h3 style=\"text-align: left;\"><strong>Complete playlists of fall-related videos can be found on YouTube:<\/strong><\/h3>\n<h3 style=\"text-align: left;\"><a href=\"https:\/\/www.youtube.com\/playlist?list=PLuzTg2wYpXWW6QUkDzPJ-PEuBn4GgYzJ1\" target=\"_blank\" rel=\"noopener\">Bilingual Playlist<\/a>, <a href=\"https:\/\/www.youtube.com\/playlist?list=PLuzTg2wYpXWXBW96Ak_Wi4EySZ-hDzKm9\" target=\"_blank\" rel=\"noopener\">Spanish Playlist<\/a><\/h3>\n<hr \/>\n<h3><span style=\"text-decoration: underline;\">UPCOMING FALL SAFETY WEBINARS:\u00a0<\/span><\/h3>\n<p>Will be posted as available.<\/p>\n<h3><span style=\"text-decoration: underline;\">PAST FALL SAFETY WEBINARS:<\/span><\/h3>\n<ul>\n<li><strong>Prevenci\u00f3n de Ca\u00eddas en la Construcci\u00f3n: Una Sesi\u00f3n de Preguntas y Respuestas<\/strong><br \/>\n21 de junio 2023<br \/>\n<a href=\"https:\/\/www.youtube.com\/watch?v=J2kM5lT72nw&amp;feature=youtu.be\" target=\"_blank\" rel=\"noopener\">Video<\/a><\/li>\n<li><span style=\"text-decoration: underline;\"><strong>CPWR&#8217;s Foundations for Safety Leadership for Residential Construction (FSL4Res)<br \/>\n<\/strong><\/span>May 30, 2023<br \/>\n<a href=\"https:\/\/www.youtube.com\/watch?v=Gydaus09i58&amp;list=PLuzTg2wYpXWWHMXG4GZq0WFIIAPbOy8iD\" target=\"_blank\" rel=\"noopener\">Play Recording<\/a>\u00a0 \u00a0 \u00a0 \u00a0 \u00a0 \u00a0 \u00a0 \u00a0\u00a0<a href=\"https:\/\/www.cpwr.com\/wp-content\/uploads\/FSL4REs_CPWR-Webinar.pdf\" target=\"_blank\" rel=\"noopener\">Download Presentation<\/a><\/li>\n<li><span style=\"text-decoration: underline;\"><strong>Protecci\u00f3n Contra Ca\u00eddas y los Planes de Rescate<br \/>\n<\/strong><\/span>April 26, 2023<br \/>\n<a href=\"https:\/\/www.youtube.com\/watch?v=7PnjnriGwSA\" target=\"_blank\" rel=\"noopener\">Video<\/a><\/li>\n<li><span style=\"text-decoration: underline;\"><strong>Preventing Falls through Improved Design<br \/>\n<\/strong><\/span>March 29, 2023<br \/>\n<a href=\"https:\/\/www.youtube.com\/watch?v=F4joPjzHYig\" target=\"_blank\" rel=\"noopener\">Play Recording<\/a>\u00a0 \u00a0 \u00a0 \u00a0 \u00a0 \u00a0 \u00a0 \u00a0\u00a0<a href=\"https:\/\/www.cpwr.com\/wp-content\/uploads\/Preventing-Falls-through-Design-3-29-23.pdf\" target=\"_blank\" rel=\"noopener\">Download Presentation<\/a><\/li>\n<li><span style=\"text-decoration: underline;\"><strong>Fall Protection Q&amp;A Expert Panel (Part 3)<\/strong><\/span><br \/>\nMay 3, 2022<br \/>\n<a href=\"https:\/\/www.youtube.com\/watch?v=rz-_NkfGTXQ\" target=\"_blank\" rel=\"noopener\">Play Recording<\/a>\u00a0 \u00a0 \u00a0 \u00a0 \u00a0 \u00a0 \u00a0 \u00a0\u00a0<a href=\"https:\/\/www.cpwr.com\/wp-content\/uploads\/5-3-2022-Fall-Protection-Panel-CPWR.pdf\" target=\"_blank\" rel=\"noopener\">Download Presentation<\/a><\/li>\n<li><span style=\"text-decoration: underline;\"><strong>OSHA-NIOSH-CPWR 2022 Safety Stand Down to Prevent Falls Kick Off Webinar<br \/>\n<\/strong><\/span><a href=\"https:\/\/www.youtube.com\/watch?v=z55Uv5HWKAA\" target=\"_blank\" rel=\"noopener\">Play Recording<\/a><\/li>\n<li><span style=\"text-decoration: underline;\"><strong>Uso adecuado de los sistemas personales de protecci\u00f3n contra\u00a0ca\u00eddas <\/strong><\/span><br \/>\n7 de abril 2022<br \/>\n<a href=\"https:\/\/www.youtube.com\/watch?v=SpUwfwEy_vA\" target=\"_blank\" rel=\"noopener\">Video<\/a>\u00a0 \u00a0 \u00a0 \u00a0 \u00a0<a href=\"https:\/\/www.cpwr.com\/wp-content\/uploads\/Combined-Slides_Falls-Resources_Spanish.pdf\" target=\"_blank\" rel=\"noopener\">Descargar presentaci\u00f3n<\/a><\/li>\n<li><span style=\"text-decoration: underline;\"><strong>An Update from the National Campaign to Prevent Falls in Construction: The Importance of a Year-Round Fall Prevention Program<\/strong><\/span><br \/>\nJanuary 27, 2022<br \/>\n<a href=\"https:\/\/www.youtube.com\/watch?v=_j7MEQtdWqk\" target=\"_blank\" rel=\"noopener\">Play Recording<\/a>\u00a0 \u00a0 \u00a0 \u00a0 \u00a0 \u00a0 \u00a0 \u00a0\u00a0<a href=\"https:\/\/www.cpwr.com\/wp-content\/uploads\/1-27-22-Falls-Campaign-Webinar.pdf\" target=\"_blank\" rel=\"noopener\">Download Presentation<\/a><\/li>\n<li><span style=\"text-decoration: underline;\"><strong>El Stand-Down Nacional Dedicado a la Seguridad para Prevenir las Ca\u00eddas (Spanish)<\/strong><\/span><br \/>\n4 de marzo de 2021<br \/>\n<a href=\"https:\/\/www.youtube.com\/watch?v=UYGhC96ya1A\" target=\"_blank\" rel=\"noopener\">Video<\/a>\u00a0 \u00a0 \u00a0 \u00a0 \u00a0 \u00a0 \u00a0 \u00a0 <a href=\"https:\/\/www.cpwr.com\/wp-content\/uploads\/seminario-web-hispano-latino-presentacion-combinada-4-5-21.pdf\" target=\"_blank\" rel=\"noopener\">Descargar Presentaci\u00f3n<\/a><\/li>\n<li><span style=\"text-decoration: underline;\"><strong>2021 National Safety Stand-Down to Prevent Falls in Construction: Official Kick-off Event<\/strong><\/span><br \/>\nMay 3, 2021<br \/>\n<a href=\"https:\/\/youtu.be\/lJEpSBGXpJY\" target=\"_blank\" rel=\"noopener\">Play Recording<\/a>\u00a0 \u00a0 \u00a0 \u00a0 <a href=\"https:\/\/www.cpwr.com\/wp-content\/uploads\/2021-Official-Stand-Down-Kick-Off-Webinar.pdf\" target=\"_blank\" rel=\"noopener\">Download Presentation<\/a><\/li>\n<li><strong><span style=\"text-decoration: underline;\">Full Body Harness Fit: The Basics<\/span><br \/>\n<\/strong>April 28, 2021<br \/>\n<a href=\"https:\/\/youtu.be\/2cnF4PFlsCQ\" target=\"_blank\" rel=\"noopener\">Play Recording<\/a>\u00a0 \u00a0 \u00a0 \u00a0 \u00a0<a href=\"https:\/\/www.cpwr.com\/wp-content\/uploads\/April-28-Harness-fit-webinar.pdf\" target=\"_blank\" rel=\"noopener\">Download Presentation<\/a><\/li>\n<li><strong><span style=\"text-decoration: underline;\">Fall Protection Q&amp;A Panel Part II<\/span><br \/>\n<\/strong>April 20, 2021<br \/>\n<a href=\"https:\/\/youtu.be\/SrUBoUou8Cc\" target=\"_blank\" rel=\"noopener\">Play Recording<\/a>\u00a0 \u00a0 \u00a0 \u00a0 \u00a0<a href=\"https:\/\/www.cpwr.com\/wp-content\/uploads\/2021-Fall-Protection-QA-Panel-session.pdf\" target=\"_blank\" rel=\"noopener\">Download Presentation<\/a><\/li>\n<li><strong><span style=\"text-decoration: underline;\">Investigating Fall Fatalities: Lessons Learned and Tools for Prevention<\/span><br \/>\n<\/strong>September 18th, 2020<br \/>\n<span style=\"color: #0000ff;\"><a style=\"color: #0000ff;\" href=\"https:\/\/youtu.be\/nAHIZ0EYEUA\" target=\"_blank\" rel=\"noopener noreferrer\">Play Recording\u00a0<\/a><\/span> \u00a0 \u00a0 \u00a0 <span style=\"color: #0000ff;\"><a style=\"color: #0000ff;\" href=\"https:\/\/www.cpwr.com\/wp-content\/uploads\/NIOSH-FACE-Webinar-9-18-20.pdf\" target=\"_blank\" rel=\"noopener noreferrer\">Download Presentation<\/a><\/span><\/li>\n<li><strong><span style=\"text-decoration: underline;\">Investigating Fall Fatalities and Injury Claims on Prevention Efforts<\/span><br \/>\n<\/strong>September 17th, 2020<br \/>\n<span style=\"color: #0000ff;\"><a style=\"color: #0000ff;\" href=\"https:\/\/youtu.be\/GtOmxsdF5Hc\" target=\"_blank\" rel=\"noopener noreferrer\">Play Recording<\/a>\u00a0 \u00a0 \u00a0 \u00a0 \u00a0<a style=\"color: #0000ff;\" href=\"https:\/\/www.cpwr.com\/wp-content\/uploads\/Stand-Down-FACE-Webinar-Thurs-9-17-20.pdf\" target=\"_blank\" rel=\"noopener noreferrer\">Download Presentation<\/a><\/span><\/li>\n<li><strong><span style=\"text-decoration: underline;\">2020 Kickoff: National Safety Stand-Down to Prevent Falls in Construction<\/span><br \/>\n<\/strong>September 14th, 2020<br \/>\n<span style=\"color: #0000ff;\"><a style=\"color: #0000ff;\" href=\"https:\/\/youtu.be\/a74hkq3iu_s\" target=\"_blank\" rel=\"noopener\">Play Recording<\/a>\u00a0 \u00a0 \u00a0 \u00a0<a style=\"color: #0000ff;\" href=\"https:\/\/www.cpwr.com\/wp-content\/uploads\/2020-Kickoff-Stand-Down-Webinar_all.pdf\" target=\"_blank\" rel=\"noopener\">Download Presentation<\/a><\/span><\/li>\n<li><u><strong>Fall Prevention &amp; Protection in the Roofing Industry<\/strong><\/u><br \/>\nThursday, April 16th, 2020<br \/>\n<span style=\"color: #0000ff;\"><a style=\"color: #0000ff;\" href=\"https:\/\/youtu.be\/Rhurdh4h7vU\" target=\"_blank\" rel=\"noopener\">Play Recording<\/a>\u00a0 \u00a0 \u00a0 \u00a0\u00a0<a style=\"color: #0000ff;\" href=\"https:\/\/www.cpwr.com\/sites\/default\/files\/20-04-16%20CPWR%20Falls%20Webinar.pdf\" target=\"_blank\" rel=\"noopener\">Download Presentation<\/a>\u00a0 \u00a0 \u00a0 \u00a0 \u00a0 \u00a0<a style=\"color: #0000ff;\" href=\"https:\/\/www.cpwr.com\/sites\/default\/files\/Fall%20Prevention%20%26%20Protection%20in%20Roofing%20Webinar%20Q%26A.pdf\" target=\"_blank\" rel=\"noopener\">Q&amp;A with the NRCA &amp; OSHA<\/a><\/span><\/li>\n<li><strong><u>Fall Protection Q&amp;A Panel<\/u><\/strong><br \/>\nWednesday, March 4th, 2020<br \/>\n<a href=\"https:\/\/youtu.be\/-ozHw2TTsDA\" target=\"_blank\" rel=\"noopener\">Play Recording<\/a>\u00a0 \u00a0 \u00a0 \u00a0<a href=\"https:\/\/www.cpwr.com\/sites\/default\/files\/combined%20FP%20slides%203-4-20.pptm\" target=\"_blank\" rel=\"noopener\">Download Presentation<\/a><\/li>\n<li><strong><u>Trends of Fall Injuries and Prevention in the Construction Industry<\/u><\/strong><br \/>\nWednesday, July 24th, 2019<br \/>\n<a href=\"https:\/\/youtu.be\/rHpBuiq2nlk\" target=\"_blank\" rel=\"noopener\">Play Recording<\/a>\u00a0 \u00a0 \u00a0 \u00a0<a href=\"https:\/\/www.cpwr.com\/sites\/default\/files\/Fall%20injuries%20QDR%20webinar%207-24-19.pdf\" target=\"_blank\" rel=\"noopener\">Download Presentation<\/a>\u00a0 \u00a0 \u00a0 \u00a0\u00a0<a href=\"https:\/\/www.cpwr.com\/sites\/default\/files\/Publications%20related%20to%20falls%207-29-19.pdf\" target=\"_blank\" rel=\"noopener\">Related Articles\u00a0<\/a>\u00a0 \u00a0\u00a0<a href=\"https:\/\/www.cpwr.com\/sites\/default\/files\/research\/Falls-Campaign-Executive-Summary-2018.pdf\" target=\"_blank\" rel=\"noopener\">The National Falls Campaign\u00a0Social Network Analysis\u00a0&#8211;\u00a0Executive Summar<\/a>y<\/li>\n<li><u><strong>What Happens After a Fall is Arrested?: Suspension Trauma and the Importance of Having a Rescue Plan<\/strong><\/u><br \/>\nThursday, June 27<sup>th<\/sup>, 2019<br \/>\n<em>NOTE: The presenters on this webinar are sharing their personal experience and are not offering medical advice. In the event of any workplace injury, it is important to seek treatment from a trained medical professional.<\/em><br \/>\n<a href=\"https:\/\/youtu.be\/j8r-7ZJHEYg\">Play Recording<\/a>\u00a0 \u00a0 \u00a0 \u00a0<a href=\"https:\/\/www.cpwr.com\/sites\/default\/files\/Suspension%20Trauma%20%26%20Having%20a%20Rescue%20Plan%206-27-19.pdf\" target=\"_blank\" rel=\"noopener\">Download Presentation<\/a><\/li>\n<li><strong><u>CPWR Quarterly Data Report: Fall Injuries and Prevention in the Construction Industry<\/u><\/strong><br \/>\nTuesday, May 9<sup>th<\/sup>, 2017<br \/>\n<a href=\"https:\/\/youtu.be\/IxcMsMcadPQ\" target=\"_blank\" rel=\"noopener\">Play Recording<\/a><\/li>\n<\/ul>\n<hr \/>\n<h2><strong>Other Videos, Podcasts, &amp; Resources<\/strong><\/h2>\n<p><strong><a href=\"https:\/\/www.youtube.com\/watch?v=DfiBLI8lGM8\" target=\"_blank\" rel=\"noopener\">Construction Falls Prevention Through Design<\/a><\/strong><\/p>\n<p><strong><a href=\"https:\/\/metamediatraining.com\/SafetySmartV2\/wp-content\/uploads\/2023\/05\/Construction-Falls-10-Year-Anniversary_HigRes_Compressed.mp4\" target=\"_blank\" rel=\"noopener\">10 year Anniversary, National Safety Stand-Down to Prevent Falls in Construction<\/a><\/strong><\/p>\n<p><strong>National Safety Stand-Down to Prevent Falls in Construction PSAs:<\/strong><\/p>\n<ul>\n<li>English: <a href=\"https:\/\/www.osha.gov\/sites\/default\/files\/2022-stand-down-psa-english.mp3\" target=\"_blank\" rel=\"noopener\">Recording<\/a> | <a href=\"https:\/\/www.osha.gov\/psa\" target=\"_blank\" rel=\"noopener\">Transcript<\/a><\/li>\n<li>Espa\u00f1ol: <a href=\"https:\/\/www.osha.gov\/sites\/default\/files\/2022-stand-down-psa-spanish.mp3\" target=\"_blank\" rel=\"noopener\">Recording<\/a> | <a href=\"https:\/\/www.osha.gov\/psa\" target=\"_blank\" rel=\"noopener\">Transcript<\/a><\/li>\n<\/ul>\n<p><strong>Short clips for easy phone viewing:<\/strong><\/p>\n<ul>\n<li>NIOSH True Fall Stories: Standing Down for Safety &#8211; <a href=\"https:\/\/www.youtube.com\/watch?v=acoe5kNn48o\" target=\"_blank\" rel=\"noopener\">English\u00a0<\/a><\/li>\n<li>UCOR Ladder Testimonial-\u00a0<a href=\"https:\/\/www.youtube.com\/watch?v=vHFKLUDlz24&amp;feature=youtu.be\" target=\"_blank\" rel=\"noopener\">English<\/a>,\u00a0<a href=\"https:\/\/www.youtube.com\/watch?v=TuUQloE49f4\" target=\"_blank\" rel=\"noopener\">Espa\u00f1ol<\/a><\/li>\n<li>Harness Fit &#8211; <a href=\"https:\/\/www.youtube.com\/watch?v=WG0vLOjhnJo\" target=\"_blank\" rel=\"noopener\">Espa\u00f1ol<\/a><\/li>\n<li>Secure Ladders at the Bottom &#8211; <a href=\"https:\/\/www.youtube.com\/watch?v=PWbbumgqcQs\" target=\"_blank\" rel=\"noopener\">English\u00a0<\/a><\/li>\n<li>Have a Fall Rescue Plan &#8211; <a href=\"https:\/\/www.youtube.com\/watch?v=KmK_EKZdH1A\" target=\"_blank\" rel=\"noopener\">English\u00a0<\/a><\/li>\n<\/ul>\n<p><strong>NEW:<\/strong>\u00a0<a href=\"https:\/\/www.youtube.com\/playlist?list=PLuzTg2wYpXWXBW96Ak_Wi4EySZ-hDzKm9\" target=\"_blank\" rel=\"noopener\">Spanish-language falls video playlist<\/a><\/p>\n<p><a href=\"https:\/\/www.safetyandhealthmagazine.com\/articles\/21067-on-the-safe-side-podcast-episode-14-oshas-top-10-fall-prevention\">Safety+Health &#8216;On the Safe Side&#8217; Podcast with Dr. G. Scott Earnest of NIOSH&#8217;s\u00a0Office of Construction Safety and Health<\/a><\/p>\n<p><strong>CPWR Podcast: 7th Annual Safety Stand-Down Event (September 2020)<\/strong><\/p>\n<div>\n<p>English <iframe loading=\"lazy\" src=\"https:\/\/html5-player.libsyn.com\/embed\/episode\/id\/15861332\/height\/90\/theme\/custom\/thumbnail\/yes\/direction\/backward\/render-playlist\/no\/custom-color\/e1222e\/\" width=\"50%\" height=\"90\" scrolling=\"no\" allowfullscreen=\"allowfullscreen\" data-mce-fragment=\"1\"><\/iframe><br \/>\nEspa\u00f1ol<iframe loading=\"lazy\" src=\"https:\/\/html5-player.libsyn.com\/embed\/episode\/id\/16003301\/height\/90\/theme\/custom\/thumbnail\/yes\/direction\/backward\/render-playlist\/no\/custom-color\/e1222e\/\" width=\"50%\" height=\"90\" scrolling=\"no\" allowfullscreen=\"allowfullscreen\" data-mce-fragment=\"1\"><\/iframe><\/p>\n<\/div>\n<p>&nbsp;<\/p>\n<ul>\n<li>Stand Down Stories: Putting Safety First- The Outer Banks, North Carolina &#8211; <a href=\"https:\/\/www.youtube.com\/watch?v=9lhMfm_xJSk&amp;feature=youtu.be\" target=\"_blank\" rel=\"noopener\">English<\/a><\/li>\n<li>Stand Down Stories: Putting Safety First- Baker Roofing Co., Virginia Beach, VA &#8211; <a href=\"https:\/\/www.youtube.com\/watch?v=pb-oo7szb0Y&amp;feature=youtu.be\" target=\"_blank\" rel=\"noopener\">English\u00a0<\/a><\/li>\n<li>Massachusetts FACE: Protecting Our Workers &#8211; <a href=\"https:\/\/www.youtube.com\/watch?v=5fYBO3D9kks\" target=\"_blank\" rel=\"noopener\">English<\/a><\/li>\n<li>Stand-Down Promo Video &#8211; <a href=\"https:\/\/www.youtube.com\/watch?v=ke1L_ROExdE&amp;feature=youtu.be\" target=\"_blank\" rel=\"noopener\">English<\/a><\/li>\n<li>Safe Ladder Practices in Roofing &#8211;\u00a0<a href=\"https:\/\/www.youtube.com\/watch?v=Et9aeMdosms&amp;t=2s\" target=\"_blank\" rel=\"noopener\">English<\/a>, <a href=\"https:\/\/www.youtube.com\/watch?v=PDpvlIDhdzI\" target=\"_blank\" rel=\"noopener\">Espa\u00f1ol<\/a><\/li>\n<li>NIOSH\u2019s\u00a0Partners in Safety: An Insurance and Small Business Perspective &#8211; <a href=\"https:\/\/www.youtube.com\/watch?v=IQtzDKulwug&amp;feature=youtu.be\" target=\"_blank\" rel=\"noopener\">English<\/a><\/li>\n<li>Preventing Falls Through Skylights\u00a0 \u2013\u00a0<a href=\"http:\/\/www.youtube.com\/watch?v=I_8cymt7wlk&amp;feature=share&amp;list=PL43A44D61109073BC\" target=\"_blank\" rel=\"noopener\">English<\/a>; <a href=\"http:\/\/www.youtube.com\/watch?v=wiD1KTCBNX0&amp;feature=share&amp;list=PL43A44D61109073BC\" target=\"_blank\" rel=\"noopener\">Espa\u00f1ol<\/a><\/li>\n<li>Safety Pays. Falls Costs.\u00a0Hear how the owner of this residential framing company designs safety into each of his job sites &#8211; <a href=\"https:\/\/www.youtube.com\/watch?v=b2FTahjnDFY\" target=\"_blank\" rel=\"noopener\">English<\/a><\/li>\n<li>Fall Protection Refresher &#8211; Tool Box Talk &#8211; <a href=\"https:\/\/lwsc.org\/resources\/fall-protection-refresher-spanish-tool-box-talk\" target=\"_blank\" rel=\"noopener\">Espa\u00f1ol\u00a0<\/a><\/li>\n<li>La seguridad paga, las ca\u00eddas cuestan.\u00a0Hear from a roofer in the residential construction industry on the importance of using fall protection &#8211;\u00a0<a href=\"https:\/\/www.youtube.com\/watch?v=iavcnMkwQAs\" target=\"_blank\" rel=\"noopener\">Espa\u00f1ol<\/a><\/li>\n<li>Seguridad en ca\u00eddas en la construcci\u00f3n: dos historias de trabajadores\u00a0&#8211; Hear from two workers about the importance of fall safety. <a href=\"https:\/\/www.youtube.com\/watch?v=QTGtr65ATns\" target=\"_blank\" rel=\"noopener\">Espa\u00f1ol\u00a0<\/a><\/li>\n<li>La Salud no Tiene Precio. Construcci\u00f3n: Prot\u00e9jase en el Trabajo.\u00a0Hear from a roofer in the residential construction industry on risks he faces daily on the job.\u00a0<a href=\"https:\/\/www.youtube.com\/watch?v=ImsAwmBSUd4\" target=\"_blank\" rel=\"noopener\">Espa\u00f1ol\u00a0<\/a><\/li>\n<li>UCOR Ladder Testimonials &#8211; <a href=\"https:\/\/www.youtube.com\/watch?v=pez-r8hSddE&amp;feature=youtu.be\" target=\"_blank\" rel=\"noopener\">English<\/a>, <a href=\"https:\/\/www.youtube.com\/watch?v=TuUQloE49f4\" target=\"_blank\" rel=\"noopener\">Espa\u00f1ol<\/a><\/li>\n<li>A Simple Task \u2013 Fatal Ladder Fall\u2013 This video recreates the real-life series of events that led to the death of a 33-year-old construction worker from a ladder fall \u2014 and how it could have been prevented. <a href=\"https:\/\/www.youtube.com\/watch?v=XXit0ziMIAA\" target=\"_blank\" rel=\"noopener\">English\u00a0<\/a><\/li>\n<li>CPWR\u2019s Don\u2019t Fall For It Video &#8211; <a href=\"https:\/\/metamediatraining.com\/SafetySmartV2\/cpwr-dont-fall-for-it\/\" target=\"_blank\" rel=\"noopener\">English<\/a><\/li>\n<li>Seguridad en andamios &#8211; <a href=\"https:\/\/www.youtube.com\/watch?v=uIGY5_iWols&amp;feature=emb_imp_woyt\" target=\"_blank\" rel=\"noopener\">Espa\u00f1ol<\/a><\/li>\n<li>Seguridad contra ca\u00eddas en la construcci\u00f3n &#8211; <a href=\"https:\/\/www.youtube.com\/watch?v=ZhDw12jFgG8&amp;t=59s\" target=\"_blank\" rel=\"noopener\">Espa\u00f1ol\u00a0<\/a><\/li>\n<li>Video Toolbox Talks from the National Association of Home Builders (English and Spanish)\n<ul>\n<li><a href=\"https:\/\/www.nahb.org\/advocacy\/industry-issues\/safety-and-health\/safety-365\/video-toolbox-talks\/video-pages\/ladder-safety\" target=\"_blank\" rel=\"noopener\">Ladder Safety<\/a><\/li>\n<li><a href=\"https:\/\/www.nahb.org\/advocacy\/industry-issues\/safety-and-health\/safety-365\/video-toolbox-talks\/video-pages\/fall-protection\" target=\"_blank\" rel=\"noopener\">Fall Protection<\/a><\/li>\n<li><a href=\"https:\/\/www.nahb.org\/advocacy\/industry-issues\/safety-and-health\/safety-365\/video-toolbox-talks\/video-pages\/roofing-safety\" target=\"_blank\" rel=\"noopener\">Roofing Safety<\/a><\/li>\n<li><a href=\"https:\/\/www.nahb.org\/advocacy\/industry-issues\/safety-and-health\/safety-365\/video-toolbox-talks\/video-pages\/scaffolding-safety\" target=\"_blank\" rel=\"noopener\">Scaffolding Safety<\/a><\/li>\n<li><a href=\"https:\/\/www.nahb.org\/advocacy\/industry-issues\/safety-and-health\/safety-365\/video-toolbox-talks\/video-pages\/guardrail-safety\" target=\"_blank\" rel=\"noopener\">Guardrail Safety<\/a><\/li>\n<\/ul>\n<\/li>\n<li>OSHA Prevention V-Tools\n<ul>\n<li>Floor Openings &#8211; <a href=\"https:\/\/www.youtube.com\/watch?v=UYMb1XZ83zQ\" target=\"_blank\" rel=\"noopener\">English<\/a>; <a href=\"https:\/\/www.youtube.com\/watch?v=MybFvRDb0Tc\" target=\"_blank\" rel=\"noopener\">Espa\u00f1ol<\/a><\/li>\n<li>Skylights &#8211; <a href=\"https:\/\/www.youtube.com\/watch?v=T43u0i8bQ34\" target=\"_blank\" rel=\"noopener\">English<\/a>; <a href=\"https:\/\/www.youtube.com\/watch?v=zo2qBqXS9Qs\" target=\"_blank\" rel=\"noopener\">Espa\u00f1ol\u00a0<\/a><\/li>\n<li>Fixed Scaffolds &#8211; <a href=\"https:\/\/www.youtube.com\/watch?v=-_HCde2jI34\" target=\"_blank\" rel=\"noopener\">English<\/a>; <a href=\"https:\/\/www.youtube.com\/watch?v=Nd9RWLvcpUE\" target=\"_blank\" rel=\"noopener\">Espa\u00f1ol<\/a><\/li>\n<li>Bridge Decking &#8211; <a href=\"https:\/\/www.youtube.com\/watch?v=XSfkJqtE8Dk\" target=\"_blank\" rel=\"noopener\">English;<\/a>\u00a0<a href=\"https:\/\/www.youtube.com\/watch?v=VDioYkN8Jzs\" target=\"_blank\" rel=\"noopener\">Espa\u00f1ol<\/a><\/li>\n<li>Reroofing &#8211; <a href=\"https:\/\/www.youtube.com\/watch?v=_2YFDJCXM74\" target=\"_blank\" rel=\"noopener\">English;<\/a>\u00a0<a href=\"https:\/\/www.youtube.com\/watch?v=50ftrd9rjfI\" target=\"_blank\" rel=\"noopener\">Espa\u00f1ol<\/a><\/li>\n<li>Leading Edge Work &#8211; <a href=\"https:\/\/www.youtube.com\/watch?v=kRUywsBpWY8\" target=\"_blank\" rel=\"noopener\">English<\/a>; <a href=\"https:\/\/www.youtube.com\/watch?v=m88kSUNx-RQ\" target=\"_blank\" rel=\"noopener\">Espa\u00f1ol<\/a><\/li>\n<\/ul>\n<\/li>\n<\/ul>\n","protected":false},"excerpt":{"rendered":"<p>Complete playlists of fall-related videos can be found on YouTube: Bilingual Playlist, Spanish Playlist UPCOMING FALL SAFETY WEBINARS:\u00a0 Will be posted as available. PAST FALL SAFETY WEBINARS: Prevenci\u00f3n de Ca\u00eddas en la Construcci\u00f3n: Una Sesi\u00f3n de Preguntas y Respuestas 21 de junio 2023 Video CPWR&#8217;s Foundations for Safety Leadership for Residential Construction (FSL4Res) May 30, [&hellip;]<\/p>\n","protected":false},"author":4,"featured_media":0,"parent":2706,"menu_order":0,"comment_status":"closed","ping_status":"closed","template":"page-full.php","meta":[],"_links":{"self":[{"href":"https:\/\/metamediatraining.com\/SafetySmartV2\/wp-json\/wp\/v2\/pages\/3716"}],"collection":[{"href":"https:\/\/metamediatraining.com\/SafetySmartV2\/wp-json\/wp\/v2\/pages"}],"about":[{"href":"https:\/\/metamediatraining.com\/SafetySmartV2\/wp-json\/wp\/v2\/types\/page"}],"author":[{"embeddable":true,"href":"https:\/\/metamediatraining.com\/SafetySmartV2\/wp-json\/wp\/v2\/users\/4"}],"replies":[{"embeddable":true,"href":"https:\/\/metamediatraining.com\/SafetySmartV2\/wp-json\/wp\/v2\/comments?post=3716"}],"version-history":[{"count":91,"href":"https:\/\/metamediatraining.com\/SafetySmartV2\/wp-json\/wp\/v2\/pages\/3716\/revisions"}],"predecessor-version":[{"id":5836,"href":"https:\/\/metamediatraining.com\/SafetySmartV2\/wp-json\/wp\/v2\/pages\/3716\/revisions\/5836"}],"up":[{"embeddable":true,"href":"https:\/\/metamediatraining.com\/SafetySmartV2\/wp-json\/wp\/v2\/pages\/2706"}],"wp:attachment":[{"href":"https:\/\/metamediatraining.com\/SafetySmartV2\/wp-json\/wp\/v2\/media?parent=3716"}],"curies":[{"name":"wp","href":"https:\/\/api.w.org\/{rel}","templated":true}]}}